{"id":1104,"date":"2025-06-28T09:23:38","date_gmt":"2025-06-28T09:23:38","guid":{"rendered":"https:\/\/nobuconcept.com\/register\/"},"modified":"2025-06-28T10:17:28","modified_gmt":"2025-06-28T10:17:28","slug":"register","status":"publish","type":"page","link":"https:\/\/nobuconcept.com\/fr\/register\/","title":{"rendered":"Registre"},"content":{"rendered":"<div class=\"wpb-content-wrapper\"><div class=\"vc_row wpb_row vc_row-fluid wd-rs-685fbc3b224dc\"><div class=\"wpb_column vc_column_container vc_col-sm-3\"><div class=\"vc_column-inner\"><div class=\"wpb_wrapper\"><\/div><\/div><\/div><div class=\"wpb_column vc_column_container vc_col-sm-6\"><div class=\"vc_column-inner\"><div class=\"wpb_wrapper\">\n\t<div class=\"wpb_text_column wpb_content_element\" >\n\t\t<div class=\"wpb_wrapper\">\n\t\t\t<div id=\"wppb-form-style-3-wrapper\">        <form enctype=\"multipart\/form-data\" method=\"post\" id=\"wppb-register-user\" class=\"wppb-user-forms wppb-register-user wppb-user-logged-out\" action=\"https:\/\/nobuconcept.com\/fr\/wp-json\/wp\/v2\/pages\/1104\" data-trp-original-action=\"https:\/\/nobuconcept.com\/fr\/wp-json\/wp\/v2\/pages\/1104\">\n\t\t\t<div class=\"wppb-msf-spinner-container\"><span class=\"icon-wppb-msf-spinner wppb-msf-spin\"><\/span><\/div><ul><li class=\"wppb-msf-step\"><ul style=\"margin: 0;\"><li class=\"wppb-form-field wppb-default-name-heading\" id=\"wppb-form-element-1\"><h4>Nom<\/h4><span class=\"wppb-description-delimiter\"><\/span><\/li><li class=\"wppb-form-field wppb-default-username wppb-form-text-field label-outside\" id=\"wppb-form-element-2\">\n\t\t\t<label for=\"username\">Nom d'utilisateur<span class=\"wppb-required\" title=\"This field is required\">*<\/span><\/label>\n\t\t\t<input class=\"text-input default_field_username\" name=\"username\" maxlength=\"70\" type=\"text\" id=\"username\" value=\"\"  \/><\/li><li class=\"wppb-form-field wppb-default-first-name wppb-form-text-field label-outside\" id=\"wppb-form-element-3\">\n\t\t\t<label for=\"first_name\">Pr\u00e9nom<\/label>\n\t\t\t<input class=\"text-input default_field_firstname\" name=\"first_name\" maxlength=\"70\" type=\"text\" id=\"first_name\" value=\"\"  \/><\/li><li class=\"wppb-form-field wppb-default-last-name wppb-form-text-field label-outside\" id=\"wppb-form-element-4\">\n\t\t\t<label for=\"last_name\">Nom de famille<\/label>\n\t\t\t<input class=\"text-input default_field_lastname\" name=\"last_name\" maxlength=\"70\" type=\"text\" id=\"last_name\" value=\"\" \/><\/li><li class=\"wppb-form-field wppb-default-nickname wppb-form-text-field label-outside\" id=\"wppb-form-element-5\">\n\t\t\t<label for=\"nickname\">Surnom<\/label>\n\t\t\t<input class=\"text-input default_field_nickname\" name=\"nickname\" maxlength=\"70\" type=\"text\" id=\"nickname\" value=\"\" \/><\/li><li class=\"wppb-form-field wppb-default-display-name-publicly-as wppb-form-select-field label-outside\" id=\"wppb-form-element-6\"><\/li><li class=\"wppb-form-field wppb-default-contact-info-heading\" id=\"wppb-form-element-7\"><h4>Contact<\/h4><span class=\"wppb-description-delimiter\"><\/span><\/li><li class=\"wppb-form-field wppb-default-e-mail wppb-form-text-field label-outside\" id=\"wppb-form-element-8\">\n\t\t\t<label for=\"email\">Courrier \u00e9lectronique<span class=\"wppb-required\" title=\"This field is required\">*<\/span><\/label>\n\t\t\t<input class=\"text-input default_field_email\" name=\"email\" maxlength=\"70\" type=\"email\" id=\"email\" value=\"\"   \/><\/li><li class=\"wppb-form-field wppb-default-website wppb-form-text-field label-outside\" id=\"wppb-form-element-9\">\n\t\t\t<label for=\"website\">Site web<\/label>\n\t\t\t<input class=\"text-input default_field_website\" name=\"website\" maxlength=\"70\" type=\"text\" id=\"website\" value=\"\" \/><\/li><li class=\"wppb-form-field wppb-default-about-yourself-heading\" id=\"wppb-form-element-10\"><h4>\u00c0 propos de vous<\/h4><span class=\"wppb-description-delimiter\"><\/span><\/li><li class=\"wppb-form-field wppb-default-biographical-info wppb-form-text-field label-outside\" id=\"wppb-form-element-11\">\n\t\t\t<label for=\"description\">Informations biographiques<\/label>\n\t\t\t<textarea rows=\"5\" name=\"description\" maxlength=\"\" class=\"default_field_description\" id=\"description\" wrap=\"virtual\" ><\/textarea><\/li><li class=\"wppb-form-field wppb-default-password wppb-form-text-field label-outside\" id=\"wppb-form-element-12\">\n\t\t\t<label for=\"passw1\">Mot de passe<span class=\"wppb-required\" title=\"This field is required\">*<\/span><\/label>\n            <span class=\"wppb-password-field-container\">\n\t\t\t    <input class=\"text-input\" name=\"passw1\" maxlength=\"70\" type=\"password\" id=\"passw1\" value=\"\" autocomplete=\"off\" \/>\n\t\t\t     <!-- add the HTML for the visibility toggle -->\n\t\t\t<\/span><span class=\"wppb-description-delimiter\"> <\/span><\/li><li class=\"wppb-form-field wppb-default-repeat-password wppb-form-text-field label-outside\" id=\"wppb-form-element-13\">\n\t\t\t<label for=\"passw2\">R\u00e9p\u00e9ter le mot de passe<span class=\"wppb-required\" title=\"This field is required\">*<\/span><\/label>\n\t\t\t<span class=\"wppb-password-field-container\">\n\t\t\t    <input class=\"text-input\" name=\"passw2\" maxlength=\"70\" type=\"password\" id=\"passw2\" value=\"\" autocomplete=\"off\" \/>\n\t\t\t     <!-- add the HTML for the visibility toggle -->\n\t\t\t<\/span><\/li><\/ul><\/li><li class=\"wppb-msf-step\" style=\"display: none;\"><ul style=\"margin: 0;\"><li class=\"wppb-form-field wppb-upload label-outside\" id=\"wppb-form-element-14\"><label for=\"sales-tax-pdf\">Certificat d'exon\u00e9ration de la taxe sur les ventes<span class=\"wppb-required\" title=\"This field is required\">*<\/span><\/label><a href=\"#\" class=\"button wppb_upload_button\" id=\"upload_sales-tax-pdf_button\"  data-uploader_title=\"Sales TAX Certificate Of Exemption\" data-uploader_button_text=\"Select File\" data-upload_mn=\"sales-tax-pdf\" data-upload_input=\"sales_tax_pdf\" data-multiple_upload=\"false\">Upload <\/a><input id=\"sales_tax_pdf\" type=\"hidden\" size=\"36\" name=\"sales-tax-pdf\" value=\"\"\/><span class=\"wppb-description-delimiter\">Veuillez t\u00e9l\u00e9charger votre certificat d'exon\u00e9ration de la taxe sur les ventes<\/span><\/li><li class=\"wppb-form-field wppb-upload label-outside\" id=\"wppb-form-element-15\"><label for=\"credit-cart-pdf\">Formulaire d'autorisation de carte de cr\u00e9dit<span class=\"wppb-required\" title=\"This field is required\">*<\/span><\/label><a href=\"#\" class=\"button wppb_upload_button\" id=\"upload_credit-cart-pdf_button\"  data-uploader_title=\"Credit Card Authorization Form\" data-uploader_button_text=\"Select File\" data-upload_mn=\"credit-cart-pdf\" data-upload_input=\"credit_cart_pdf\" data-multiple_upload=\"false\">Upload <\/a><input id=\"credit_cart_pdf\" type=\"hidden\" size=\"36\" name=\"credit-cart-pdf\" value=\"\"\/><span class=\"wppb-description-delimiter\">Veuillez t\u00e9l\u00e9charger votre formulaire d'autorisation de carte de cr\u00e9dit<\/span><\/li><li class=\"wppb-form-field wppb-upload label-outside\" id=\"wppb-form-element-16\"><label for=\"formation-docu\">Document de formation<span class=\"wppb-required\" title=\"This field is required\">*<\/span><\/label><a href=\"#\" class=\"button wppb_upload_button\" id=\"upload_formation-docu_button\"  data-uploader_title=\"Formation Document\" data-uploader_button_text=\"Select File\" data-upload_mn=\"formation-docu\" data-upload_input=\"formation_docu\" data-multiple_upload=\"false\">Upload <\/a><input id=\"formation_docu\" type=\"hidden\" size=\"36\" name=\"formation-docu\" value=\"\"\/><span class=\"wppb-description-delimiter\">Veuillez t\u00e9l\u00e9charger votre document de formation<\/span><\/li><\/ul><\/li><li class=\"wppb-msf-step-commands\">\n                        <input type=\"button\" class=\"wppb-msf-button wppb-msf-prev\" style=\"float: left; padding: 8px 15px;\" value=\"Previous\" disabled>\n                        <input type=\"button\" class=\"wppb-msf-button wppb-msf-next\" style=\"float: right; padding: 8px 15px;\" value=\"Next\">\n                        <span id=\"wppb-msf-pagination\"><input type=\"button\" id=\"wppb-msf-pagination-0\" data-msf-disabled-check=\"no\" data-msf-step=\"0\" class=\"wppb-msf-pagination wppb-msf-active\" value=\"1\" ><input type=\"button\" id=\"wppb-msf-pagination-1\" data-msf-disabled-check=\"yes\" data-msf-step=\"1\" class=\"wppb-msf-pagination\" value=\"2\" disabled><\/span>\n                    <\/li><\/ul><ul style=\"display: none;\"><li class=\"wppb-form-field wppb-send-credentials-checkbox\"><label for=\"send_credentials_via_email\"><input id=\"send_credentials_via_email\" type=\"checkbox\" name=\"send_credentials_via_email\" value=\"sending\"\/>Send these credentials via email.<\/label><\/li><\/ul>\t\t\t<p class=\"form-submit\" style=\"display: none;\" data-wppb-msf=\"yes\" >\n\t\t\t\t                \t\t\t\t<input name=\"register\" type=\"submit\" id=\"register\" class=\"submit button\" value=\"Registre\" \/>\n                <input name=\"redirect_to\" type=\"hidden\" value=\"\" \/>\n                \t\t\t\t<input name=\"action\" type=\"hidden\" id=\"action\" value=\"register\" \/>\n\t\t\t\t<input name=\"form_name\" type=\"hidden\" id=\"form_name\" value=\"unspecified\" \/>\n\t\t\t\t<input name=\"form_id\" type=\"hidden\" id=\"form_id\" value=\"\" \/>\n\t\t\t\t\t\t\t<\/p><!-- .form-submit -->\n\t\t\t<input type=\"hidden\" id=\"register_unspecified_nonce_field\" name=\"register_unspecified_nonce_field\" value=\"ac90c68920\" \/><input type=\"hidden\" name=\"_wp_http_referer\" value=\"\/fr\/wp-json\/wp\/v2\/pages\/1104\" \/>\t\t<input type=\"hidden\" name=\"trp-form-language\" value=\"fr\"\/><\/form>\n\t\t<\/div>\n\n\t\t<\/div>\n\t<\/div>\n<\/div><\/div><\/div><div class=\"wpb_column vc_column_container vc_col-sm-3\"><div class=\"vc_column-inner\"><div class=\"wpb_wrapper\"><\/div><\/div><\/div><\/div>\n<\/div>","protected":false},"excerpt":{"rendered":"Name Username* First Name Last Name Nickname Contact Info E-mail* Website About Yourself Biographical Info Password* Repeat Password* Sales TAX","protected":false},"author":1,"featured_media":0,"parent":0,"menu_order":0,"comment_status":"closed","ping_status":"closed","template":"","meta":{"_acf_changed":false,"footnotes":""},"class_list":["post-1104","page","type-page","status-publish","hentry"],"acf":[],"_links":{"self":[{"href":"https:\/\/nobuconcept.com\/fr\/wp-json\/wp\/v2\/pages\/1104","targetHints":{"allow":["GET"]}}],"collection":[{"href":"https:\/\/nobuconcept.com\/fr\/wp-json\/wp\/v2\/pages"}],"about":[{"href":"https:\/\/nobuconcept.com\/fr\/wp-json\/wp\/v2\/types\/page"}],"author":[{"embeddable":true,"href":"https:\/\/nobuconcept.com\/fr\/wp-json\/wp\/v2\/users\/1"}],"replies":[{"embeddable":true,"href":"https:\/\/nobuconcept.com\/fr\/wp-json\/wp\/v2\/comments?post=1104"}],"version-history":[{"count":2,"href":"https:\/\/nobuconcept.com\/fr\/wp-json\/wp\/v2\/pages\/1104\/revisions"}],"predecessor-version":[{"id":1111,"href":"https:\/\/nobuconcept.com\/fr\/wp-json\/wp\/v2\/pages\/1104\/revisions\/1111"}],"wp:attachment":[{"href":"https:\/\/nobuconcept.com\/fr\/wp-json\/wp\/v2\/media?parent=1104"}],"curies":[{"name":"wp","href":"https:\/\/api.w.org\/{rel}","templated":true}]}}