{"id":1279,"date":"2026-02-26T07:02:07","date_gmt":"2026-02-26T07:02:07","guid":{"rendered":"https:\/\/nobuconcept.com\/?page_id=1279"},"modified":"2026-02-28T20:19:08","modified_gmt":"2026-02-28T20:19:08","slug":"qrpage","status":"publish","type":"page","link":"https:\/\/nobuconcept.com\/fr\/qrpage\/","title":{"rendered":"qrpage"},"content":{"rendered":"<div class=\"wpb-content-wrapper\"><div class=\"vc_row wpb_row vc_row-fluid wd-rs-69a038e3e19d5\"><div class=\"wpb_column vc_column_container vc_col-sm-12\"><div class=\"vc_column-inner\"><div class=\"wpb_wrapper\">\n\t<div class=\"wpb_raw_code wpb_raw_html wpb_content_element\" >\n\t\t<div class=\"wpb_wrapper\">\n\t\t\t<video width=\"100%\" height=\"auto\" controls autoplay muted loop playsinline>\n  <source src=\"https:\/\/numankaleli.com.tr\/wp-content\/uploads\/2026\/02\/nobu-eng2_1-30-fps_1_1.mp4\" type=\"video\/mp4\">\n  Taray\u0131c\u0131n\u0131z video etiketini desteklemiyor.\n<\/video>\n\t\t<\/div>\n\t<\/div>\n<\/div><\/div><\/div><\/div><div class=\"vc_row wpb_row vc_row-fluid\"><div class=\"wpb_column vc_column_container vc_col-sm-12\"><div class=\"vc_column-inner\"><div class=\"wpb_wrapper\"><div class=\"vc_separator wpb_content_element vc_separator_align_center vc_sep_width_100 vc_sep_pos_align_center vc_separator_no_text vc_sep_color_grey\" ><span class=\"vc_sep_holder vc_sep_holder_l\"><span class=\"vc_sep_line\"><\/span><\/span><span class=\"vc_sep_holder vc_sep_holder_r\"><span class=\"vc_sep_line\"><\/span><\/span>\n<\/div><\/div><\/div><\/div><\/div><div data-vc-full-width=\"true\" data-vc-full-width-init=\"false\" data-vc-stretch-content=\"true\" class=\"vc_row wpb_row vc_row-fluid vc_custom_1634134135406 vc_row-o-content-middle vc_row-flex wd-rs-6166e87095f89\"><div class=\"wpb_column vc_column_container vc_col-sm-6 vc_col-has-fill wd-rs-69a00863a8325\"><div class=\"vc_column-inner vc_custom_1772095599889\"><div class=\"wpb_wrapper\">\t\t<div id=\"wd-69a0080fdab25\" data-parallax='{\"y\":\"-40\",\"smoothness\":\"30\"}' class=\"wd-image wd-wpb wd-rs-69a0080fdab25 text-right vc_custom_1772095577814\">\n\t\t\t\n\t\t\t<img loading=\"lazy\" decoding=\"async\" width=\"800\" height=\"549\" src=\"https:\/\/nobuconcept.com\/wp-content\/uploads\/2026\/02\/katalog-800x549.png\" class=\"attachment-800x549 size-800x549\" alt=\"\" srcset=\"https:\/\/nobuconcept.com\/wp-content\/uploads\/2026\/02\/katalog-800x549.png 800w, https:\/\/nobuconcept.com\/wp-content\/uploads\/2026\/02\/katalog-300x206.png 300w, https:\/\/nobuconcept.com\/wp-content\/uploads\/2026\/02\/katalog-1024x702.png 1024w, https:\/\/nobuconcept.com\/wp-content\/uploads\/2026\/02\/katalog-768x527.png 768w, https:\/\/nobuconcept.com\/wp-content\/uploads\/2026\/02\/katalog-18x12.png 18w, https:\/\/nobuconcept.com\/wp-content\/uploads\/2026\/02\/katalog-32x22.png 32w, https:\/\/nobuconcept.com\/wp-content\/uploads\/2026\/02\/katalog-600x411.png 600w, https:\/\/nobuconcept.com\/wp-content\/uploads\/2026\/02\/katalog-150x103.png 150w, https:\/\/nobuconcept.com\/wp-content\/uploads\/2026\/02\/katalog.png 1050w\" sizes=\"auto, (max-width: 800px) 100vw, 800px\" \/>\n\t\t\t\t\t<\/div>\n\t\t<\/div><\/div><\/div><div data-parallax='{\"y\":\"30\",\"smoothness\":\"30\"}' class=\"wpb_column vc_column_container vc_col-sm-6 wd-rs-61121cdd6e1d1\"><div class=\"vc_column-inner vc_custom_1628576994133\"><div class=\"wpb_wrapper\">\n\t\t<div id=\"wd-69a0079596cfb\" class=\"title-wrapper wd-wpb wd-set-mb reset-last-child  wd-rs-69a0079596cfb wd-title-color-primary wd-title-style-default text-left vc_custom_1772095397712 wd-width-custom wd-underline-colored\">\n\t\t\t\n\t\t\t<div class=\"liner-continer\">\n\t\t\t\t<h4 class=\"woodmart-title-container title  wd-font-weight-400 wd-fontsize-l\" >Explore Our Digital Product Catalog<\/h4>\n\t\t\t\t\t\t\t<\/div>\n\t\t\t\n\t\t\t\n\t\t\t\n\t\t<\/div>\n\t\t\n\t\t\t\t<div id=\"wd-69a0057b31238\" class=\"wd-text-block wd-wpb reset-last-child wd-rs-69a0057b31238 text-left wd-width-custom wd-fontsize-xs vc_custom_1772094876186\">\n\t\t\t<p>Discover our full range of products with detailed visuals and specifications.<\/p>\n\t\t<\/div>\n\t\t<div id=\"wd-69a00885b262a\" class=\"wd-rs-69a00885b262a  wd-button-wrapper text-center inline-element\"><a href=\"https:\/\/nobuconcept.com\/wp-content\/uploads\/2026\/02\/Nobu-USA-Catalog-February-26-KK.pdf\" title=\"\" class=\"btn btn-color-black btn-style-default btn-shape-round btn-size-default\">Open Catalog<\/a><\/div><\/div><\/div><\/div><\/div><div class=\"vc_row-full-width vc_clearfix\"><\/div>\n<\/div>","protected":false},"excerpt":{"rendered":"Taray\u0131c\u0131n\u0131z video etiketini desteklemiyor. Explore Our Digital Product Catalog Discover our full range of products with detailed visuals and specifications.","protected":false},"author":9,"featured_media":0,"parent":0,"menu_order":0,"comment_status":"closed","ping_status":"closed","template":"","meta":{"_acf_changed":false,"footnotes":""},"class_list":["post-1279","page","type-page","status-publish","hentry"],"acf":[],"_links":{"self":[{"href":"https:\/\/nobuconcept.com\/fr\/wp-json\/wp\/v2\/pages\/1279","targetHints":{"allow":["GET"]}}],"collection":[{"href":"https:\/\/nobuconcept.com\/fr\/wp-json\/wp\/v2\/pages"}],"about":[{"href":"https:\/\/nobuconcept.com\/fr\/wp-json\/wp\/v2\/types\/page"}],"author":[{"embeddable":true,"href":"https:\/\/nobuconcept.com\/fr\/wp-json\/wp\/v2\/users\/9"}],"replies":[{"embeddable":true,"href":"https:\/\/nobuconcept.com\/fr\/wp-json\/wp\/v2\/comments?post=1279"}],"version-history":[{"count":61,"href":"https:\/\/nobuconcept.com\/fr\/wp-json\/wp\/v2\/pages\/1279\/revisions"}],"predecessor-version":[{"id":1429,"href":"https:\/\/nobuconcept.com\/fr\/wp-json\/wp\/v2\/pages\/1279\/revisions\/1429"}],"wp:attachment":[{"href":"https:\/\/nobuconcept.com\/fr\/wp-json\/wp\/v2\/media?parent=1279"}],"curies":[{"name":"wp","href":"https:\/\/api.w.org\/{rel}","templated":true}]}}