{"id":217,"date":"2025-05-03T12:10:18","date_gmt":"2025-05-03T12:10:18","guid":{"rendered":"https:\/\/nobuconcept.com\/?page_id=217"},"modified":"2026-02-25T12:38:32","modified_gmt":"2026-02-25T12:38:32","slug":"about-us","status":"publish","type":"page","link":"https:\/\/nobuconcept.com\/fr\/about-us\/","title":{"rendered":"\u00c0 propos de nous"},"content":{"rendered":"<div class=\"wpb-content-wrapper\"><div data-vc-full-width=\"true\" data-vc-full-width-init=\"false\" class=\"vc_row wpb_row vc_row-fluid vc_custom_1748034409939 vc_row-has-fill vc_row-o-full-height vc_row-o-columns-middle vc_row-flex wd-parallax wd-bg-center-center wd-rs-6830e33f2c524\"><div class=\"wpb_column vc_column_container vc_col-sm-10 vc_col-lg-offset-2 vc_col-lg-8 vc_col-md-offset-2 vc_col-md-8 vc_col-sm-offset-1 vc_col-xs-12 color-scheme-light wd-rs-68340c7deb561\"><div class=\"vc_column-inner vc_custom_1748241581708\"><div class=\"wpb_wrapper\"><div class=\"vc_row wpb_row vc_inner vc_row-fluid vc_custom_1748241525998 vc_row-has-fill wd-rs-68340c525568c\"><div class=\"wpb_column vc_column_container vc_col-sm-12 vc_col-has-fill wd-bg-center-center tablet-bg-img-hidden wd-rs-6830dcd36a002\"><div class=\"vc_column-inner vc_custom_1748032746504\"><div class=\"wpb_wrapper\">\t\t<div id=\"wd-6849c58bbb538\" class=\"wd-text-block wd-wpb reset-last-child wd-rs-6849c58bbb538 text-center wd-width-custom wd-font-weight-100 wd-fontsize-xl font-alt vc_custom_1749665198110\">\n\t\t\t<p>L A F A C I L I T \u00c9 D E N O T R E P R O D U C T I O N<\/p>\n\t\t<\/div>\n\t\t<\/div><\/div><\/div><\/div><\/div><\/div><\/div><\/div><div class=\"vc_row-full-width vc_clearfix\"><\/div><div data-vc-full-width=\"true\" data-vc-full-width-init=\"false\" data-vc-stretch-content=\"true\" class=\"vc_row wpb_row vc_row-fluid vc_custom_1748072771483 vc_row-o-content-middle vc_row-flex wd-rs-6831793715fd9 wd-section-stretch\"><div data-parallax='{\"y\":\"30\",\"smoothness\":\"30\"}' class=\"wpb_column vc_column_container vc_col-sm-2\/5 wd-rs-68316c45b1f74\"><div class=\"vc_column-inner vc_custom_1748069459731\"><div class=\"wpb_wrapper\"><div class=\"vc_row wpb_row vc_inner vc_row-fluid\"><div class=\"wpb_column vc_column_container vc_col-sm-12 wd-rs-6831981fbd5b9\"><div class=\"vc_column-inner vc_custom_1748080704867\"><div class=\"wpb_wrapper\">\t\t<div id=\"wd-683197b2f35d7\" class=\"wd-image wd-wpb wd-rs-683197b2f35d7 wd-enabled-width text-right\">\n\t\t\t\n\t\t\t<img loading=\"lazy\" decoding=\"async\" width=\"1000\" height=\"1000\" src=\"https:\/\/nobuconcept.com\/wp-content\/uploads\/2025\/05\/img20250116_14562783-1000x1000.png\" class=\"attachment-1000x1000 size-1000x1000\" alt=\"\" srcset=\"https:\/\/nobuconcept.com\/wp-content\/uploads\/2025\/05\/img20250116_14562783-1000x1000.png 1000w, https:\/\/nobuconcept.com\/wp-content\/uploads\/2025\/05\/img20250116_14562783-150x150.png 150w, https:\/\/nobuconcept.com\/wp-content\/uploads\/2025\/05\/img20250116_14562783-12x12.png 12w, https:\/\/nobuconcept.com\/wp-content\/uploads\/2025\/05\/img20250116_14562783-32x32.png 32w, https:\/\/nobuconcept.com\/wp-content\/uploads\/2025\/05\/img20250116_14562783-300x300.png 300w\" sizes=\"auto, (max-width: 1000px) 100vw, 1000px\" \/>\n\t\t\t\t\t<\/div>\n\t\t<\/div><\/div><\/div><\/div><\/div><\/div><\/div><div class=\"wpb_column vc_column_container vc_col-sm-3\/5\"><div class=\"vc_column-inner\"><div class=\"wpb_wrapper\">\n\t\t<div id=\"wd-6830e926aecef\" class=\"title-wrapper wd-wpb wd-set-mb reset-last-child  wd-rs-6830e926aecef wd-title-color-primary wd-title-style-default text-left vc_custom_1748035931755 wd-width-custom wd-underline-colored\">\n\t\t\t\n\t\t\t<div class=\"liner-continer\">\n\t\t\t\t<h4 class=\"woodmart-title-container title  wd-font-weight-400 wd-fontsize-l\" >\u00c0 propos des \u00c9tats-Unis<\/h4>\n\t\t\t\t\t\t\t<\/div>\n\t\t\t\n\t\t\t\n\t\t\t\n\t\t<\/div>\n\t\t\n\t\t<div class=\"vc_row wpb_row vc_inner vc_row-fluid\"><div class=\"wpb_column vc_column_container vc_col-sm-6\"><div class=\"vc_column-inner\"><div class=\"wpb_wrapper\">\t\t<div id=\"wd-6830ec4c07364\" class=\"wd-text-block wd-wpb reset-last-child wd-rs-6830ec4c07364 text-left wd-width-custom wd-fontsize-xs vc_custom_1748036701208\">\n\t\t\t<p>Nobu Concept associe l'\u00e9l\u00e9gance du design italien \u00e0 la fonctionnalit\u00e9 et \u00e0 des solutions innovantes, con\u00e7ues pour r\u00e9pondre aux normes et aux attentes des march\u00e9s europ\u00e9ens et am\u00e9ricains. Nos collections uniques pour les salles de bains modernes allient esth\u00e9tique et fonctionnalit\u00e9 dans les moindres d\u00e9tails, offrant des designs \u00e0 la fois minimalistes et sophistiqu\u00e9s qui ajoutent une identit\u00e9 distinctive \u00e0 tout espace tout en am\u00e9liorant le confort et la valeur.<\/p>\n<p>Gr\u00e2ce \u00e0 nos lignes de production de haute technologie et \u00e0 notre cha\u00eene de production int\u00e9gr\u00e9e, nous travaillons sans compromettre notre efficacit\u00e9 et nos normes de qualit\u00e9. Gr\u00e2ce \u00e0 notre capacit\u00e9 de production flexible en fonction des besoins des clients et des projets, nos collections sont personnalis\u00e9es par notre \u00e9quipe technique professionnelle en fonction des attentes des utilisateurs de diff\u00e9rents pays.<\/p>\n\t\t<\/div>\n\t\t<\/div><\/div><\/div><div class=\"wpb_column vc_column_container vc_col-sm-6\"><div class=\"vc_column-inner\"><div class=\"wpb_wrapper\">\t\t<div id=\"wd-68316b75e58c0\" class=\"wd-text-block wd-wpb reset-last-child wd-rs-68316b75e58c0 text-left wd-width-custom wd-fontsize-xs vc_custom_1748069246838\">\n\t\t\t<p>Les mati\u00e8res premi\u00e8res utilis\u00e9es dans nos produits sont d\u00e9termin\u00e9es par des recherches d\u00e9taill\u00e9es et des processus de s\u00e9lection m\u00e9ticuleux. Chaque produit est trait\u00e9 avec soin par nos employ\u00e9s experts travaillant dans nos installations de production et mis en contact avec le consommateur. Sans compromettre notre compr\u00e9hension de la qualit\u00e9, nous offrons nos produits au march\u00e9 cible avec un \u00e9quilibre prix-performance appropri\u00e9. Gr\u00e2ce \u00e0 notre capacit\u00e9 de production forte et flexible, nous proposons rapidement des solutions personnalis\u00e9es pour des projets sp\u00e9ciaux, tandis que notre entrep\u00f4t logistique bas\u00e9 \u00e0 Atlanta\/USA offre \u00e0 nos partenaires commerciaux am\u00e9ricains l'avantage d'une distribution rapide et efficace et d'un acc\u00e8s facile \u00e0 nos produits.<\/p>\n<p>Avec Nobu Concept, vous augmenterez la valeur de vos salles de bains et constaterez l'impact transformateur sur vos espaces de vie.<\/p>\n\t\t<\/div>\n\t\t<\/div><\/div><\/div><\/div><\/div><\/div><\/div><\/div><div class=\"vc_row-full-width vc_clearfix\"><\/div><div class=\"vc_row wpb_row vc_row-fluid vc_custom_1748072718494 wd-rs-683178e665421 wd-section-stretch\"><div class=\"wpb_column vc_column_container vc_col-sm-12 vc_col-lg-4 vc_col-md-4 vc_col-has-fill\"><div class=\"vc_column-inner vc_custom_1496841267690\"><div class=\"wpb_wrapper\">\t\t\t<div class=\"info-box-wrapper\">\n\t\t\t\t<div id=\"wd-6831911381f75\" class=\"wd-rs-6831911381f75 wd-info-box wd-wpb text-left box-icon-align-left box-style- color-scheme- wd-bg-none wd-items-top vc_custom_1748078889212\">\n\t\t\t\t\t\t\t\t\t\t\t<div class=\"box-icon-wrapper  box-with-text text-size-large box-icon-simple\">\n\t\t\t\t\t\t\t<div class=\"info-box-icon\">\n\n\t\t\t\t\t\t\t\t\t\t\t\t\t\t\t01.\t\t\t\t\t\t\t\n\t\t\t\t\t\t\t<\/div>\n\t\t\t\t\t\t<\/div>\n\t\t\t\t\t\t\t\t\t\t<div class=\"info-box-content\">\n\t\t\t\t\t\t<h4 class=\"info-box-title title box-title-style-default wd-fontsize-m\">Production sur mesure<\/h4>\t\t\t\t\t\t<div class=\"info-box-inner reset-last-child\"><\/p>\n<p data-start=\"252\" data-end=\"460\"><strong data-start=\"252\" data-end=\"282\">Con\u00e7u pour s'adapter \u00e0 votre vision<\/strong><br data-start=\"282\" data-end=\"285\" \/>Nous personnalisons nos meubles-lavabos pour r\u00e9pondre aux exigences sp\u00e9cifiques de votre projet, en vous offrant une grande flexibilit\u00e9 en termes de taille, de finition et de configuration, sans compromettre l'int\u00e9grit\u00e9 du design.<\/p>\n<p>\n<\/div>\n\n\t\t\t\t\t\t\t\t\t\t\t<\/div>\n\n\t\t\t\t\t\n\t\t\t\t\t\t\t\t\t<\/div>\n\t\t\t<\/div>\n\t\t<\/div><\/div><\/div><div class=\"wpb_column vc_column_container vc_col-sm-12 vc_col-lg-4 vc_col-md-4 vc_col-has-fill\"><div class=\"vc_column-inner vc_custom_1496841274194\"><div class=\"wpb_wrapper\">\t\t\t<div class=\"info-box-wrapper\">\n\t\t\t\t<div id=\"wd-683191267317a\" class=\"wd-rs-683191267317a wd-info-box wd-wpb text-left box-icon-align-left box-style- color-scheme- wd-bg-none wd-items-top vc_custom_1748078927130\">\n\t\t\t\t\t\t\t\t\t\t\t<div class=\"box-icon-wrapper  box-with-text text-size-large box-icon-simple\">\n\t\t\t\t\t\t\t<div class=\"info-box-icon\">\n\n\t\t\t\t\t\t\t\t\t\t\t\t\t\t\t02.\t\t\t\t\t\t\t\n\t\t\t\t\t\t\t<\/div>\n\t\t\t\t\t\t<\/div>\n\t\t\t\t\t\t\t\t\t\t<div class=\"info-box-content\">\n\t\t\t\t\t\t<h4 class=\"info-box-title title box-title-style-default wd-fontsize-m\">Solutions de stockage intelligentes<\/h4>\t\t\t\t\t\t<div class=\"info-box-inner reset-last-child\"><\/p>\n<p data-start=\"422\" data-end=\"648\"><strong data-start=\"422\" data-end=\"452\">Quand le style rencontre la fonction<\/strong><br data-start=\"452\" data-end=\"455\" \/>Les meubles-lavabos Nobu Concept sont con\u00e7us en tenant compte des modes de vie modernes. Les compartiments cach\u00e9s, les organisateurs intelligents et les dispositions ergonomiques offrent un rangement \u00e0 la fois pratique et magnifiquement int\u00e9gr\u00e9.<\/p>\n<p>\n<\/div>\n\n\t\t\t\t\t\t\t\t\t\t\t<\/div>\n\n\t\t\t\t\t\n\t\t\t\t\t\t\t\t\t<\/div>\n\t\t\t<\/div>\n\t\t<\/div><\/div><\/div><div class=\"wpb_column vc_column_container vc_col-sm-12 vc_col-lg-4 vc_col-md-4\"><div class=\"vc_column-inner vc_custom_1496841281249\"><div class=\"wpb_wrapper\">\t\t\t<div class=\"info-box-wrapper\">\n\t\t\t\t<div id=\"wd-683199d8b3513\" class=\"wd-rs-683199d8b3513 wd-info-box wd-wpb text-left box-icon-align-left box-style- color-scheme- wd-bg-none wd-items-top vc_custom_1748081123419\">\n\t\t\t\t\t\t\t\t\t\t\t<div class=\"box-icon-wrapper  box-with-text text-size-large box-icon-simple\">\n\t\t\t\t\t\t\t<div class=\"info-box-icon\">\n\n\t\t\t\t\t\t\t\t\t\t\t\t\t\t\t03.\t\t\t\t\t\t\t\n\t\t\t\t\t\t\t<\/div>\n\t\t\t\t\t\t<\/div>\n\t\t\t\t\t\t\t\t\t\t<div class=\"info-box-content\">\n\t\t\t\t\t\t<h4 class=\"info-box-title title box-title-style-default wd-fontsize-m\">Patrimoine europ\u00e9en<\/h4>\t\t\t\t\t\t<div class=\"info-box-inner reset-last-child\"><p><strong data-start=\"717\" data-end=\"764\">Con\u00e7u avec pr\u00e9cision, construit avec passion<\/strong><br data-start=\"764\" data-end=\"767\" \/>Fusionnant l'h\u00e9ritage du design italien avec des techniques de production avanc\u00e9es, nos meubles-lavabos fabriqu\u00e9s \u00e0 la main apportent un style intemporel et des d\u00e9tails artisanaux \u00e0 chaque espace.<\/p>\n<\/div>\n\n\t\t\t\t\t\t\t\t\t\t\t<\/div>\n\n\t\t\t\t\t\n\t\t\t\t\t\t\t\t\t<\/div>\n\t\t\t<\/div>\n\t\t<\/div><\/div><\/div><\/div><div class=\"vc_row wpb_row vc_row-fluid wd-rs-6831834b148e7 wd-section-stretch\"><div class=\"wpb_column vc_column_container vc_col-sm-12\"><div class=\"vc_column-inner\"><div class=\"wpb_wrapper\">\t\t<div id=\"gallery_219\" class=\"wd-images-gallery wd-wpb wd-rs-683198836f3f3 photoswipe-images\" style=\"--wd-justify-content:center;--wd-align-items:center;\">\n\t\t\t\n\t\t\t<div class=\"wd-justified\">\n\t\t\t\t\n\t\t\t\t\t\t\t\t\t\t\t\t\t\n\t\t\t\t\t\t\t<\/div>\n\n\t\t\t\t\t<\/div>\n\t\t\t\t<div class=\"wd-el-video wd-wpb wd-rs-699eed3fa52c3 wd-action-without wd-video-hosted wd-with-aspect-ratio\">\n\t\t\t\t\t\t\t<video src=\"https:\/\/nobuconcept.com\/wp-content\/uploads\/2026\/02\/nobu-eng2_1-30-fps_1_3.mp4\" playsinline muted controls autoplay><\/video>\t\t\t\n\t\t\t\n\t\t\t\n\t\t\t\t\t<\/div>\n\t\t<\/div><\/div><\/div><\/div>\n<\/div>","protected":false},"excerpt":{"rendered":"O\u00a0 U\u00a0 R\u00a0 \u00a0 P\u00a0 R\u00a0 O\u00a0 D\u00a0 U\u00a0 C\u00a0 T\u00a0 I\u00a0 O\u00a0 N\u00a0 \u00a0 F\u00a0 A\u00a0 C\u00a0 I\u00a0 L\u00a0","protected":false},"author":1,"featured_media":0,"parent":0,"menu_order":0,"comment_status":"closed","ping_status":"closed","template":"","meta":{"_acf_changed":false,"footnotes":""},"class_list":["post-217","page","type-page","status-publish","hentry"],"acf":[],"_links":{"self":[{"href":"https:\/\/nobuconcept.com\/fr\/wp-json\/wp\/v2\/pages\/217","targetHints":{"allow":["GET"]}}],"collection":[{"href":"https:\/\/nobuconcept.com\/fr\/wp-json\/wp\/v2\/pages"}],"about":[{"href":"https:\/\/nobuconcept.com\/fr\/wp-json\/wp\/v2\/types\/page"}],"author":[{"embeddable":true,"href":"https:\/\/nobuconcept.com\/fr\/wp-json\/wp\/v2\/users\/1"}],"replies":[{"embeddable":true,"href":"https:\/\/nobuconcept.com\/fr\/wp-json\/wp\/v2\/comments?post=217"}],"version-history":[{"count":86,"href":"https:\/\/nobuconcept.com\/fr\/wp-json\/wp\/v2\/pages\/217\/revisions"}],"predecessor-version":[{"id":382,"href":"https:\/\/nobuconcept.com\/fr\/wp-json\/wp\/v2\/pages\/217\/revisions\/382"}],"wp:attachment":[{"href":"https:\/\/nobuconcept.com\/fr\/wp-json\/wp\/v2\/media?parent=217"}],"curies":[{"name":"wp","href":"https:\/\/api.w.org\/{rel}","templated":true}]}}