{"id":305,"date":"2025-05-17T08:53:24","date_gmt":"2025-05-17T08:53:24","guid":{"rendered":"https:\/\/nobuconcept.com\/?page_id=305"},"modified":"2025-05-29T15:31:46","modified_gmt":"2025-05-29T15:31:46","slug":"faq","status":"publish","type":"page","link":"https:\/\/nobuconcept.com\/fr\/faq\/","title":{"rendered":"FAQ"},"content":{"rendered":"<div class=\"wpb-content-wrapper\"><div class=\"vc_row wpb_row vc_row-fluid vc_custom_1748243051855 wd-rs-6834125682268 wd-section-stretch\"><div class=\"wpb_column vc_column_container vc_col-sm-6 wd-rs-64775e98b1081\"><div class=\"vc_column-inner vc_custom_1685544613700\"><div class=\"wpb_wrapper\">\n\t\t<div id=\"wd-64789f68cad8e\" class=\"title-wrapper wd-wpb wd-set-mb reset-last-child  wd-rs-64789f68cad8e wd-title-color-default wd-title-style-default text-left vc_custom_1685626736224 wd-underline-colored\">\n\t\t\t\n\t\t\t<div class=\"liner-continer\">\n\t\t\t\t<h4 class=\"woodmart-title-container title  wd-font-weight- wd-fontsize-xxl\" >Contact avec un expert<\/h4>\n\t\t\t\t\t\t\t<\/div>\n\t\t\t\n\t\t\t\n\t\t\t\n\t\t<\/div>\n\t\t\n\t\t\n<div class=\"wpcf7 no-js\" id=\"wpcf7-f13-o1\" lang=\"en-US\" dir=\"ltr\" data-wpcf7-id=\"13\">\n<div class=\"screen-reader-response\"><p role=\"status\" aria-live=\"polite\" aria-atomic=\"true\"><\/p> <ul><\/ul><\/div>\n<form action=\"\/fr\/wp-json\/wp\/v2\/pages\/305#wpcf7-f13-o1\" method=\"post\" class=\"wpcf7-form init\" aria-label=\"Contact form\" novalidate=\"novalidate\" data-status=\"init\" data-trp-original-action=\"\/fr\/wp-json\/wp\/v2\/pages\/305#wpcf7-f13-o1\">\n<div style=\"display: none;\">\n<input type=\"hidden\" name=\"_wpcf7\" value=\"13\" \/>\n<input type=\"hidden\" name=\"_wpcf7_version\" value=\"6.0.6\" \/>\n<input type=\"hidden\" name=\"_wpcf7_locale\" value=\"en_US\" \/>\n<input type=\"hidden\" name=\"_wpcf7_unit_tag\" value=\"wpcf7-f13-o1\" \/>\n<input type=\"hidden\" name=\"_wpcf7_container_post\" value=\"0\" \/>\n<input type=\"hidden\" name=\"_wpcf7_posted_data_hash\" value=\"\" \/>\n<\/div>\n<p><label> Votre nom<br \/>\n<span class=\"wpcf7-form-control-wrap\" data-name=\"your-name\"><input size=\"40\" maxlength=\"400\" class=\"wpcf7-form-control wpcf7-text wpcf7-validates-as-required\" autocomplete=\"name\" aria-required=\"true\" aria-invalid=\"false\" value=\"\" type=\"text\" name=\"your-name\" \/><\/span> <\/label>\n<\/p>\n<p><label> Votre email<br \/>\n<span class=\"wpcf7-form-control-wrap\" data-name=\"your-email\"><input size=\"40\" maxlength=\"400\" class=\"wpcf7-form-control wpcf7-email wpcf7-validates-as-required wpcf7-text wpcf7-validates-as-email\" autocomplete=\"email\" aria-required=\"true\" aria-invalid=\"false\" value=\"\" type=\"email\" name=\"your-email\" \/><\/span> <\/label>\n<\/p>\n<p><label> Sujet<br \/>\n<span class=\"wpcf7-form-control-wrap\" data-name=\"your-subject\"><input size=\"40\" maxlength=\"400\" class=\"wpcf7-form-control wpcf7-text wpcf7-validates-as-required\" aria-required=\"true\" aria-invalid=\"false\" value=\"\" type=\"text\" name=\"your-subject\" \/><\/span> <\/label>\n<\/p>\n<p><label> Votre message (facultatif)<br \/>\n<span class=\"wpcf7-form-control-wrap\" data-name=\"your-message\"><textarea cols=\"40\" rows=\"10\" maxlength=\"2000\" class=\"wpcf7-form-control wpcf7-textarea\" aria-invalid=\"false\" name=\"your-message\"><\/textarea><\/span> <\/label>\n<\/p>\n<p><input class=\"wpcf7-form-control wpcf7-submit has-spinner\" type=\"submit\" value=\"Soumettre\" \/>\n<\/p><div class=\"wpcf7-response-output\" aria-hidden=\"true\"><\/div>\n<input type=\"hidden\" name=\"trp-form-language\" value=\"fr\"\/><\/form>\n<\/div>\n<\/div><\/div><\/div><div class=\"wpb_column vc_column_container vc_col-sm-6 wd-rs-6436bc5f5cb96\"><div class=\"vc_column-inner vc_custom_1681308779066\"><div class=\"wpb_wrapper\">\n\t\t<div id=\"wd-64775dc249bdd\" class=\"title-wrapper wd-wpb wd-set-mb reset-last-child  wd-rs-64775dc249bdd wd-title-color-default wd-title-style-default text-left vc_custom_1685544394767 wd-underline-colored\">\n\t\t\t\n\t\t\t<div class=\"liner-continer\">\n\t\t\t\t<h4 class=\"woodmart-title-container title  wd-font-weight- wd-fontsize-xxl\" >Questions fr\u00e9quemment pos\u00e9es<\/h4>\n\t\t\t\t\t\t\t<\/div>\n\t\t\t\n\t\t\t\n\t\t\t\n\t\t<\/div>\n\t\t\n\t\t\n\t\t<div id=\"wd-64775e41888c3\" class=\"wd-accordion wd-wpb wd-rs-64775e41888c3 vc_custom_1685544517764 wd-style-default wd-border-off wd-titles-left wd-opener-pos-right wd-opener-style-arrow\" data-state=\"all_closed\">\n\t\t\t\t\t\t\t\n\t\t\t\t\n\t\t\t\t<div class=\"wd-accordion-item\">\n\t\t\t\t\t<div class=\"wd-accordion-title font-primary wd-fontsize-custom wd-font-weight-700\" data-accordion-index=\"0\">\n\t\t\t\t\t\t<div class=\"wd-accordion-title-text\">\n\t\t\t\t\t\t\t\t\t\t\t\t\t\t<span>\n\t\t\t\t\t\t\t\tQue fait et vend Nobu Concept ?\t\t\t\t\t\t\t<\/span>\n\t\t\t\t\t\t<\/div>\n\t\t\t\t\t\t<span class=\"wd-accordion-opener\"><\/span>\n\t\t\t\t\t<\/div>\n\n\t\t\t\t\t<div class=\"wd-accordion-content wd-entry-content\" data-accordion-index=\"0\">\n\t\t\t\t\t\t\t\t\t\t\t\t\t<p>Nobu Concept est une soci\u00e9t\u00e9 qui r\u00e9alise des travaux de conception \u00e0 partir de son bureau de Milan, en Italie, fabrique ces produits dans ses propres installations et organise les ventes par l'interm\u00e9diaire de divers distributeurs et revendeurs en Europe, en Asie et dans les Am\u00e9riques. Elle op\u00e8re sous l'\u00e9gide d'un groupe ayant 55 ans d'exp\u00e9rience commerciale dans l'industrie des mat\u00e9riaux de construction. En 2025, le nombre total d'employ\u00e9s du groupe \u00e9tait d'environ 150.<\/p>\n\t\t\t\t\t\t\t\t\t\t\t<\/div>\n\t\t\t\t<\/div>\n\t\t\t\t\t\t\t\n\t\t\t\t\n\t\t\t\t<div class=\"wd-accordion-item\">\n\t\t\t\t\t<div class=\"wd-accordion-title font-primary wd-fontsize-custom wd-font-weight-700\" data-accordion-index=\"1\">\n\t\t\t\t\t\t<div class=\"wd-accordion-title-text\">\n\t\t\t\t\t\t\t\t\t\t\t\t\t\t<span>\n\t\t\t\t\t\t\t\tO\u00f9 Nobu Concept op\u00e8re-t-il aux \u00c9tats-Unis ?\t\t\t\t\t\t\t<\/span>\n\t\t\t\t\t\t<\/div>\n\t\t\t\t\t\t<span class=\"wd-accordion-opener\"><\/span>\n\t\t\t\t\t<\/div>\n\n\t\t\t\t\t<div class=\"wd-accordion-content wd-entry-content\" data-accordion-index=\"1\">\n\t\t\t\t\t\t\t\t\t\t\t\t\t<p>Actuellement, nous n'avons qu'un entrep\u00f4t \u00e0 Atlanta, et c'est principalement \u00e0 partir de ce site que nous coordonnons nos activit\u00e9s aux \u00c9tats-Unis.<\/p>\n\t\t\t\t\t\t\t\t\t\t\t<\/div>\n\t\t\t\t<\/div>\n\t\t\t\t\t\t\t\n\t\t\t\t\n\t\t\t\t<div class=\"wd-accordion-item\">\n\t\t\t\t\t<div class=\"wd-accordion-title font-primary wd-fontsize-custom wd-font-weight-700\" data-accordion-index=\"2\">\n\t\t\t\t\t\t<div class=\"wd-accordion-title-text\">\n\t\t\t\t\t\t\t\t\t\t\t\t\t\t<span>\n\t\t\t\t\t\t\t\tComment fonctionne le syst\u00e8me de commande ? Comment puis-je vous contacter et demander un devis ?\t\t\t\t\t\t\t<\/span>\n\t\t\t\t\t\t<\/div>\n\t\t\t\t\t\t<span class=\"wd-accordion-opener\"><\/span>\n\t\t\t\t\t<\/div>\n\n\t\t\t\t\t<div class=\"wd-accordion-content wd-entry-content\" data-accordion-index=\"2\">\n\t\t\t\t\t\t\t\t\t\t\t\t\t<p>Vous pouvez nous joindre sans probl\u00e8me par t\u00e9l\u00e9phone, par courriel ou par WhatsApp. Cependant, toutes les transactions commerciales sont effectu\u00e9es via notre syst\u00e8me B2B enti\u00e8rement int\u00e9gr\u00e9. Les processus de vente, d'encaissement, d'exp\u00e9dition et m\u00eame d'assistance apr\u00e8s-vente (ASS) sont g\u00e9r\u00e9s en ligne, de mani\u00e8re transparente et efficace. Pour les demandes de devis, l'enregistrement ou toute autre assistance, veuillez contacter notre responsable des ventes sur le terrain, M. Mike Ari.<\/p>\n\t\t\t\t\t\t\t\t\t\t\t<\/div>\n\t\t\t\t<\/div>\n\t\t\t\t\t\t\t\n\t\t\t\t\n\t\t\t\t<div class=\"wd-accordion-item\">\n\t\t\t\t\t<div class=\"wd-accordion-title font-primary wd-fontsize-custom wd-font-weight-700\" data-accordion-index=\"3\">\n\t\t\t\t\t\t<div class=\"wd-accordion-title-text\">\n\t\t\t\t\t\t\t\t\t\t\t\t\t\t<span>\n\t\t\t\t\t\t\t\tQu'est-ce qu'un client B2B et comment le devenir ?\t\t\t\t\t\t\t<\/span>\n\t\t\t\t\t\t<\/div>\n\t\t\t\t\t\t<span class=\"wd-accordion-opener\"><\/span>\n\t\t\t\t\t<\/div>\n\n\t\t\t\t\t<div class=\"wd-accordion-content wd-entry-content\" data-accordion-index=\"3\">\n\t\t\t\t\t\t\t\t\t\t\t\t\t<p>Vous devez poss\u00e9der une entreprise et \u00eatre un contribuable enregistr\u00e9. Si vous \u00eates un vendeur sectoriel ou un utilisateur professionnel, vous \u00eates un client B2B. Cliquez sur le lien <strong>DISTRIBUTEUR<\/strong> sur notre site web et remplissez le formulaire. Une fois que vous aurez t\u00e9l\u00e9charg\u00e9 les documents n\u00e9cessaires, nous proc\u00e9derons \u00e0 un examen pr\u00e9liminaire et vous enverrons un nom d'utilisateur et un mot de passe par courrier \u00e9lectronique apr\u00e8s approbation. C'est tout - faisons des affaires !<\/p>\n\t\t\t\t\t\t\t\t\t\t\t<\/div>\n\t\t\t\t<\/div>\n\t\t\t\t\t\t\t\n\t\t\t\t\n\t\t\t\t<div class=\"wd-accordion-item\">\n\t\t\t\t\t<div class=\"wd-accordion-title font-primary wd-fontsize-custom wd-font-weight-700\" data-accordion-index=\"4\">\n\t\t\t\t\t\t<div class=\"wd-accordion-title-text\">\n\t\t\t\t\t\t\t\t\t\t\t\t\t\t<span>\n\t\t\t\t\t\t\t\tQuels avantages offrez-vous \u00e0 vos revendeurs ?\t\t\t\t\t\t\t<\/span>\n\t\t\t\t\t\t<\/div>\n\t\t\t\t\t\t<span class=\"wd-accordion-opener\"><\/span>\n\t\t\t\t\t<\/div>\n\n\t\t\t\t\t<div class=\"wd-accordion-content wd-entry-content\" data-accordion-index=\"4\">\n\t\t\t\t\t\t\t\t\t\t\t\t\t\n<ol>\n<li>Nous fournissons des catalogues et des listes de prix imprim\u00e9s et en format PDF pour appuyer vos pr\u00e9sentations aux utilisateurs finaux.<\/li>\n<li>Gr\u00e2ce \u00e0 notre plateforme B2B conviviale, nous offrons rapidit\u00e9 et efficacit\u00e9 en mati\u00e8re d'approvisionnement, de paiement, de vente et de recouvrement, avec une infrastructure en constante \u00e9volution.<\/li>\n<li>Nous offrons des remises suppl\u00e9mentaires en plus des remises standard sur les articles d'exposition.<\/li>\n<li>Nous fournissons des pr\u00e9sentoirs et un soutien \u00e0 l'image de marque dans les magasins \u00e9ligibles.<\/li>\n<li>Gr\u00e2ce \u00e0 des campagnes r\u00e9guli\u00e8res et \u00e0 la publicit\u00e9 (magazines, m\u00e9dias sociaux, salons), nous renfor\u00e7ons la notori\u00e9t\u00e9 de la marque et vous aidons \u00e0 am\u00e9liorer vos ventes.<\/li>\n<\/ol>\n\t\t\t\t\t\t\t\t\t\t\t<\/div>\n\t\t\t\t<\/div>\n\t\t\t\t\t\t\t\n\t\t\t\t\n\t\t\t\t<div class=\"wd-accordion-item\">\n\t\t\t\t\t<div class=\"wd-accordion-title font-primary wd-fontsize-custom wd-font-weight-700\" data-accordion-index=\"5\">\n\t\t\t\t\t\t<div class=\"wd-accordion-title-text\">\n\t\t\t\t\t\t\t\t\t\t\t\t\t\t<span>\n\t\t\t\t\t\t\t\tQuelle est votre politique de prix ?\t\t\t\t\t\t\t<\/span>\n\t\t\t\t\t\t<\/div>\n\t\t\t\t\t\t<span class=\"wd-accordion-opener\"><\/span>\n\t\t\t\t\t<\/div>\n\n\t\t\t\t\t<div class=\"wd-accordion-content wd-entry-content\" data-accordion-index=\"5\">\n\t\t\t\t\t\t\t\t\t\t\t\t\t<p>Tous nos prix sont exclusifs aux clients B2B. Notre principal distributeur, Mobika INC, n'effectue pas de ventes B2C. Nous proposons des remises et des campagnes bas\u00e9es sur la quantit\u00e9, qui sont appliqu\u00e9es de mani\u00e8re transparente une fois que le client s'est connect\u00e9 au syst\u00e8me.<\/p>\n\t\t\t\t\t\t\t\t\t\t\t<\/div>\n\t\t\t\t<\/div>\n\t\t\t\t\t\t\t\t\t\t\t\t\t\t<\/div>\n\n\t\t<\/div><\/div><\/div><\/div>\n<\/div>","protected":false},"excerpt":{"rendered":"Contact with an expert Your name Your email Subject Your message (optional) Frequently asked questions What does Nobu Concept do","protected":false},"author":1,"featured_media":0,"parent":0,"menu_order":0,"comment_status":"closed","ping_status":"closed","template":"","meta":{"_acf_changed":false,"footnotes":""},"class_list":["post-305","page","type-page","status-publish","hentry"],"acf":[],"_links":{"self":[{"href":"https:\/\/nobuconcept.com\/fr\/wp-json\/wp\/v2\/pages\/305","targetHints":{"allow":["GET"]}}],"collection":[{"href":"https:\/\/nobuconcept.com\/fr\/wp-json\/wp\/v2\/pages"}],"about":[{"href":"https:\/\/nobuconcept.com\/fr\/wp-json\/wp\/v2\/types\/page"}],"author":[{"embeddable":true,"href":"https:\/\/nobuconcept.com\/fr\/wp-json\/wp\/v2\/users\/1"}],"replies":[{"embeddable":true,"href":"https:\/\/nobuconcept.com\/fr\/wp-json\/wp\/v2\/comments?post=305"}],"version-history":[{"count":9,"href":"https:\/\/nobuconcept.com\/fr\/wp-json\/wp\/v2\/pages\/305\/revisions"}],"predecessor-version":[{"id":541,"href":"https:\/\/nobuconcept.com\/fr\/wp-json\/wp\/v2\/pages\/305\/revisions\/541"}],"wp:attachment":[{"href":"https:\/\/nobuconcept.com\/fr\/wp-json\/wp\/v2\/media?parent=305"}],"curies":[{"name":"wp","href":"https:\/\/api.w.org\/{rel}","templated":true}]}}