{"id":830,"date":"2025-06-11T16:43:07","date_gmt":"2025-06-11T16:43:07","guid":{"rendered":"https:\/\/nobuconcept.com\/?page_id=830"},"modified":"2025-06-11T16:43:07","modified_gmt":"2025-06-11T16:43:07","slug":"privacy-policy-2","status":"publish","type":"page","link":"https:\/\/nobuconcept.com\/fr\/privacy-policy-2\/","title":{"rendered":"Politique de confidentialit\u00e9"},"content":{"rendered":"<p>Politique de confidentialit\u00e9<br \/>\nLa protection de votre vie priv\u00e9e est importante pour nous. Cette politique explique comment Nobu Concept Inc. recueille, utilise et prot\u00e8ge vos informations.<\/p>\n<p>Collecte de donn\u00e9es<br \/>\nNous recueillons les donn\u00e9es suivantes lors de l'enregistrement du compte et de l'utilisation du site web :<br \/>\n- Nom de l'entreprise, personne de contact, adresse, courriel, t\u00e9l\u00e9phone<br \/>\n- Num\u00e9ro d'identification fiscale et historique des achats<br \/>\n- Utilisation du site web et analyse par le biais de cookies<br \/>\nUtilisation des informations<br \/>\n- Pour traiter les commandes, fournir un service \u00e0 la client\u00e8le et g\u00e9rer les comptes<br \/>\n- Pour envoyer des mises \u00e0 jour, des confirmations de commande et des courriels promotionnels<br \/>\n- Respecter les obligations l\u00e9gales et fiscales<br \/>\nProtection des donn\u00e9es<br \/>\n- Toutes les donn\u00e9es sensibles sont stock\u00e9es sur des serveurs crypt\u00e9s dont l'acc\u00e8s est limit\u00e9.<br \/>\n- Nous mettons en \u0153uvre des mesures de s\u00e9curit\u00e9 appropri\u00e9es pour prot\u00e9ger vos donn\u00e9es contre tout acc\u00e8s ou toute divulgation non autoris\u00e9s.<br \/>\nPartage des donn\u00e9es<br \/>\n- Nous ne vendons ni ne louons les donn\u00e9es personnelles \u00e0 des tiers.<br \/>\n- Nous pouvons partager des donn\u00e9es avec des prestataires de services (par exemple, des soci\u00e9t\u00e9s d'exp\u00e9dition, des soci\u00e9t\u00e9s de traitement des paiements) dans le cadre d'accords de confidentialit\u00e9 stricts.<\/p>\n<p>Si vous avez des questions, des pr\u00e9occupations ou des commentaires concernant la pr\u00e9sente politique ou nos pratiques en mati\u00e8re de protection de la vie priv\u00e9e, nous sommes l\u00e0 pour vous aider. Veuillez nous contacter par l'une des m\u00e9thodes suivantes :<br \/>\n- Courriel : Envoyez vos demandes \u00e0 info@nobuconcept.com. Veuillez indiquer \"Demande de renseignements sur la protection de la vie priv\u00e9e\" dans la ligne d'objet pour un acheminement plus rapide.<br \/>\n- par t\u00e9l\u00e9phone : Vous pouvez appeler notre service client\u00e8le au +1 (949) 491-2304. Si vous avez des questions relatives \u00e0 la protection de la vie priv\u00e9e, notre \u00e9quipe d'assistance vous dirigera vers le personnel appropri\u00e9.<br \/>\n- Courrier : Vous pouvez \u00e9galement nous \u00e9crire \u00e0 l'adresse suivante<br \/>\nNobu Concept Inc.<br \/>\nA l'attention du responsable de la protection de la vie priv\u00e9e<br \/>\n6155 Jimmy Carter Blvd, Ste D<br \/>\nNorcross, GA 30071, \u00c9tats-Unis<br \/>\nNous ferons de notre mieux pour r\u00e9pondre \u00e0 vos questions ou r\u00e9soudre tout probl\u00e8me \u00e0 votre satisfaction. Nous accordons une grande importance \u00e0 la protection de votre vie priv\u00e9e et vous invitons \u00e0 nous faire part de vos commentaires.<br \/>\nMerci de faire confiance \u00e0 Nobu Concept Inc. en lui confiant votre entreprise et vos informations personnelles.<\/p>","protected":false},"excerpt":{"rendered":"<p>Privacy Policy Your privacy is important to us. This policy explains how Nobu Concept Inc. collects, uses, and protects your<\/p>","protected":false},"author":1,"featured_media":0,"parent":0,"menu_order":0,"comment_status":"closed","ping_status":"closed","template":"","meta":{"_acf_changed":false,"footnotes":""},"class_list":["post-830","page","type-page","status-publish","hentry"],"acf":[],"_links":{"self":[{"href":"https:\/\/nobuconcept.com\/fr\/wp-json\/wp\/v2\/pages\/830","targetHints":{"allow":["GET"]}}],"collection":[{"href":"https:\/\/nobuconcept.com\/fr\/wp-json\/wp\/v2\/pages"}],"about":[{"href":"https:\/\/nobuconcept.com\/fr\/wp-json\/wp\/v2\/types\/page"}],"author":[{"embeddable":true,"href":"https:\/\/nobuconcept.com\/fr\/wp-json\/wp\/v2\/users\/1"}],"replies":[{"embeddable":true,"href":"https:\/\/nobuconcept.com\/fr\/wp-json\/wp\/v2\/comments?post=830"}],"version-history":[{"count":1,"href":"https:\/\/nobuconcept.com\/fr\/wp-json\/wp\/v2\/pages\/830\/revisions"}],"predecessor-version":[{"id":831,"href":"https:\/\/nobuconcept.com\/fr\/wp-json\/wp\/v2\/pages\/830\/revisions\/831"}],"wp:attachment":[{"href":"https:\/\/nobuconcept.com\/fr\/wp-json\/wp\/v2\/media?parent=830"}],"curies":[{"name":"wp","href":"https:\/\/api.w.org\/{rel}","templated":true}]}}