{"id":1015,"date":"2025-06-16T13:50:47","date_gmt":"2025-06-16T13:50:47","guid":{"rendered":"https:\/\/nobuconcept.com\/?post_type=product&#038;p=1015"},"modified":"2026-02-17T14:42:40","modified_gmt":"2026-02-17T14:42:40","slug":"core-60","status":"publish","type":"product","link":"https:\/\/nobuconcept.com\/fr\/produit\/core-60\/","title":{"rendered":"CORE 60\u2033."},"content":{"rendered":"<h4><strong>AUTRES TAILLES<\/strong><\/h4>\n<table style=\"height: 39px;\" width=\"468\">\n<tbody>\n<tr>\n<td style=\"text-align: center;\">\n<pre><a style=\"font-size: 20px; font-weight: bold;\" href=\"https:\/\/nobuconcept.com\/fr\/produit\/core-30\/\">30<\/a><\/pre>\n<\/td>\n<td style=\"text-align: center;\">\n<pre><a style=\"font-size: 20px; font-weight: bold;\" href=\"https:\/\/nobuconcept.com\/fr\/produit\/core-36\/\">36<\/a><\/pre>\n<\/td>\n<td style=\"text-align: center;\">\n<pre><a style=\"font-size: 20px; font-weight: bold;\" href=\"https:\/\/nobuconcept.com\/fr\/produit\/core-42\/\">42<\/a><\/pre>\n<\/td>\n<td style=\"text-align: center;\">\n<pre><a style=\"font-size: 20px; font-weight: bold;\" href=\"https:\/\/nobuconcept.com\/fr\/produit\/core-48\/\">48<\/a><\/pre>\n<\/td>\n<td style=\"text-align: center;\">\n<pre><a style=\"font-size: 20px; font-weight: bold;\" href=\"https:\/\/nobuconcept.com\/fr\/produit\/core-60\/\">60<\/a><\/pre>\n<\/td>\n<\/tr>\n<\/tbody>\n<\/table>\n<table width=\"572\">\n<tbody>\n<tr>\n<td width=\"38\"><img loading=\"lazy\" decoding=\"async\" class=\"alignnone size-medium wp-image-351\" src=\"https:\/\/nobuconcept.com\/wp-content\/uploads\/2025\/05\/2-300x300.png\" sizes=\"auto, (max-width: 300px) 100vw, 300px\" srcset=\"https:\/\/nobuconcept.com\/wp-content\/uploads\/2025\/05\/2-300x300.png 300w, https:\/\/nobuconcept.com\/wp-content\/uploads\/2025\/05\/2-150x150.png 150w, https:\/\/nobuconcept.com\/wp-content\/uploads\/2025\/05\/2-12x12.png 12w, https:\/\/nobuconcept.com\/wp-content\/uploads\/2025\/05\/2-32x32.png 32w, https:\/\/nobuconcept.com\/wp-content\/uploads\/2025\/05\/2.png 533w\" alt=\"\" width=\"300\" height=\"300\" \/><\/td>\n<td width=\"276\">Dans le mod\u00e8le Core, un syst\u00e8me de fabrication europ\u00e9enne de renomm\u00e9e mondiale a \u00e9t\u00e9 mis en place.<br \/>\nL'\u00e9vier en porcelaine sous comptoir de la marque Ideal Standard a<br \/>\nont \u00e9t\u00e9 s\u00e9lectionn\u00e9s.<\/td>\n<\/tr>\n<tr>\n<td><img loading=\"lazy\" decoding=\"async\" class=\"alignnone size-medium wp-image-536\" src=\"https:\/\/nobuconcept.com\/wp-content\/uploads\/2025\/05\/7-300x300.png\" alt=\"\" width=\"300\" height=\"300\" srcset=\"https:\/\/nobuconcept.com\/wp-content\/uploads\/2025\/05\/7-300x300.png 300w, https:\/\/nobuconcept.com\/wp-content\/uploads\/2025\/05\/7-150x150.png 150w, https:\/\/nobuconcept.com\/wp-content\/uploads\/2025\/05\/7-12x12.png 12w, https:\/\/nobuconcept.com\/wp-content\/uploads\/2025\/05\/7-32x32.png 32w, https:\/\/nobuconcept.com\/wp-content\/uploads\/2025\/05\/7.png 534w\" sizes=\"auto, (max-width: 300px) 100vw, 300px\" \/><\/td>\n<td>Pierre de quartz v\u00e9ritable de 2 cm d'\u00e9paisseur, fabriqu\u00e9e en Europe<br \/>\nest utilis\u00e9.<\/td>\n<\/tr>\n<tr>\n<td><img loading=\"lazy\" decoding=\"async\" class=\"alignnone size-medium wp-image-352\" src=\"https:\/\/nobuconcept.com\/wp-content\/uploads\/2025\/05\/3-300x300.png\" sizes=\"auto, (max-width: 300px) 100vw, 300px\" srcset=\"https:\/\/nobuconcept.com\/wp-content\/uploads\/2025\/05\/3-300x300.png 300w, https:\/\/nobuconcept.com\/wp-content\/uploads\/2025\/05\/3-150x150.png 150w, https:\/\/nobuconcept.com\/wp-content\/uploads\/2025\/05\/3-12x12.png 12w, https:\/\/nobuconcept.com\/wp-content\/uploads\/2025\/05\/3-32x32.png 32w, https:\/\/nobuconcept.com\/wp-content\/uploads\/2025\/05\/3.png 533w\" alt=\"\" width=\"300\" height=\"300\" \/><\/td>\n<td>Les produits de la marque Hettich, qui se distinguent par leur qualit\u00e9 sup\u00e9rieure, sont des produits de qualit\u00e9 sup\u00e9rieure.<br \/>\nLa technologie allemande est utilis\u00e9e pour les m\u00e9canismes de charni\u00e8res et de rails.<\/td>\n<\/tr>\n<tr>\n<td><img loading=\"lazy\" decoding=\"async\" class=\"alignnone size-medium wp-image-535\" src=\"https:\/\/nobuconcept.com\/wp-content\/uploads\/2025\/05\/6-300x300.png\" sizes=\"auto, (max-width: 300px) 100vw, 300px\" srcset=\"https:\/\/nobuconcept.com\/wp-content\/uploads\/2025\/05\/6-300x300.png 300w, https:\/\/nobuconcept.com\/wp-content\/uploads\/2025\/05\/6-150x150.png 150w, https:\/\/nobuconcept.com\/wp-content\/uploads\/2025\/05\/6-12x12.png 12w, https:\/\/nobuconcept.com\/wp-content\/uploads\/2025\/05\/6-32x32.png 32w, https:\/\/nobuconcept.com\/wp-content\/uploads\/2025\/05\/6.png 534w\" alt=\"\" width=\"300\" height=\"300\" \/><\/td>\n<td>L'\u00e9l\u00e9gance de la surface sans d\u00e9faut na\u00eet de la r\u00e9flexion<br \/>\nde qualit\u00e9 europ\u00e9enne dans le domaine de la technologie des peintures laqu\u00e9es.<\/td>\n<\/tr>\n<tr>\n<td><img loading=\"lazy\" decoding=\"async\" class=\"alignnone size-medium wp-image-537\" src=\"https:\/\/nobuconcept.com\/wp-content\/uploads\/2025\/05\/8-300x300.png\" alt=\"\" width=\"300\" height=\"300\" srcset=\"https:\/\/nobuconcept.com\/wp-content\/uploads\/2025\/05\/8-300x300.png 300w, https:\/\/nobuconcept.com\/wp-content\/uploads\/2025\/05\/8-150x150.png 150w, https:\/\/nobuconcept.com\/wp-content\/uploads\/2025\/05\/8-12x12.png 12w, https:\/\/nobuconcept.com\/wp-content\/uploads\/2025\/05\/8-32x32.png 32w, https:\/\/nobuconcept.com\/wp-content\/uploads\/2025\/05\/8.png 534w\" sizes=\"auto, (max-width: 300px) 100vw, 300px\" \/><\/td>\n<td>Des produits compl\u00e9t\u00e9s par des produits europ\u00e9ens de haute qualit\u00e9<br \/>\net des poign\u00e9es \u00e9l\u00e9gantes.<\/td>\n<\/tr>\n<\/tbody>\n<\/table>\n<h4><strong>SP\u00c9CIFICATIONS TECHNIQUES<\/strong><\/h4>\n<table style=\"height: 704px;\" width=\"664\">\n<tbody>\n<tr data-start=\"236\" data-end=\"308\">\n<td width=\"249\" data-start=\"236\" data-end=\"275\" data-col-size=\"sm\">Mat\u00e9riau de la carcasse<\/td>\n<td width=\"297\" data-col-size=\"md\" data-start=\"275\" data-end=\"308\">MDF stratifi\u00e9<\/td>\n<\/tr>\n<tr data-start=\"309\" data-end=\"380\">\n<td width=\"249\" data-start=\"309\" data-end=\"348\" data-col-size=\"sm\">Mat\u00e9riaux des portes et des panneaux lat\u00e9raux<\/td>\n<td width=\"297\" data-col-size=\"md\" data-start=\"348\" data-end=\"380\">Laqu\u00e9 mat<\/td>\n<\/tr>\n<tr data-start=\"381\" data-end=\"452\">\n<td width=\"249\" data-start=\"381\" data-end=\"420\" data-col-size=\"sm\">Mat\u00e9riau du comptoir<\/td>\n<td width=\"297\" data-col-size=\"md\" data-start=\"420\" data-end=\"452\">Quartz 20mm<\/td>\n<\/tr>\n<tr data-start=\"453\" data-end=\"524\">\n<td width=\"249\" data-start=\"453\" data-end=\"492\" data-col-size=\"sm\">Couleur du comptoir<\/td>\n<td width=\"297\" data-col-size=\"md\" data-start=\"492\" data-end=\"524\">Coante - Keramos 3301<\/td>\n<\/tr>\n<tr data-start=\"525\" data-end=\"596\">\n<td width=\"249\" data-start=\"525\" data-end=\"564\" data-col-size=\"sm\">Mat\u00e9riau du lavabo<\/td>\n<td width=\"297\" data-col-size=\"md\" data-start=\"564\" data-end=\"596\">C\u00e9ramique<\/td>\n<\/tr>\n<tr data-start=\"597\" data-end=\"668\">\n<td width=\"249\" data-start=\"597\" data-end=\"636\" data-col-size=\"sm\">Couleur du lavabo<\/td>\n<td width=\"297\" data-col-size=\"md\" data-start=\"636\" data-end=\"668\">Blanc<\/td>\n<\/tr>\n<tr data-start=\"669\" data-end=\"740\">\n<td width=\"249\" data-start=\"669\" data-end=\"708\" data-col-size=\"sm\">Poids du plan de travail et du lavabo<\/td>\n<td width=\"297\" data-col-size=\"md\" data-start=\"708\" data-end=\"740\">127 lb. \/ 57,6 kg<\/td>\n<\/tr>\n<tr data-start=\"741\" data-end=\"812\">\n<td width=\"249\" data-start=\"741\" data-end=\"780\" data-col-size=\"sm\">Poids de l'armoire de base<\/td>\n<td width=\"297\" data-col-size=\"md\" data-start=\"780\" data-end=\"812\">237,9 lb. \/ 107,9 kg<\/td>\n<\/tr>\n<tr data-start=\"813\" data-end=\"884\">\n<td width=\"249\" data-start=\"813\" data-end=\"852\" data-col-size=\"sm\">Poids total du produit<\/td>\n<td width=\"297\" data-col-size=\"md\" data-start=\"852\" data-end=\"884\">364,9 lb. \/ 165,5 kg<\/td>\n<\/tr>\n<tr data-start=\"885\" data-end=\"956\">\n<td width=\"249\" data-start=\"885\" data-end=\"924\" data-col-size=\"sm\">Dimensions des lavabos<\/td>\n<td width=\"297\" data-start=\"924\" data-end=\"956\" data-col-size=\"md\">14.57 x 21.26 in \/ 37 x 54 cm<\/td>\n<\/tr>\n<tr data-start=\"957\" data-end=\"1044\">\n<td width=\"249\" data-start=\"957\" data-end=\"996\" data-col-size=\"sm\">Dimensions de l'armoire basse<\/td>\n<td width=\"297\" data-start=\"996\" data-end=\"1044\" data-col-size=\"md\">58,19 x 21,65 x 33,27 in \/ 147,8 x 55 x 84,5 cm<\/td>\n<\/tr>\n<tr data-start=\"1045\" data-end=\"1117\">\n<td width=\"249\" data-start=\"1045\" data-end=\"1084\" data-col-size=\"sm\">Nombre de tiroirs fonctionnels<\/td>\n<td width=\"297\" data-start=\"1084\" data-end=\"1117\" data-col-size=\"md\">6<\/td>\n<\/tr>\n<tr data-start=\"1118\" data-end=\"1190\">\n<td width=\"249\" data-start=\"1118\" data-end=\"1157\" data-col-size=\"sm\">Syst\u00e8me de fermeture en douceur des tiroirs<\/td>\n<td width=\"297\" data-start=\"1157\" data-end=\"1190\" data-col-size=\"md\">Oui<\/td>\n<\/tr>\n<tr data-start=\"1191\" data-end=\"1263\">\n<td width=\"249\" data-start=\"1191\" data-end=\"1230\" data-col-size=\"sm\">Syst\u00e8me de fermeture en douceur de la porte<\/td>\n<td width=\"297\" data-start=\"1230\" data-end=\"1263\" data-col-size=\"md\">Oui<\/td>\n<\/tr>\n<tr data-start=\"1264\" data-end=\"1336\">\n<td width=\"249\" data-start=\"1264\" data-end=\"1303\" data-col-size=\"sm\">Marque de la charni\u00e8re et du tiroir<\/td>\n<td width=\"297\"><img loading=\"lazy\" decoding=\"async\" class=\"\" src=\"https:\/\/nobuconcept.com\/wp-content\/uploads\/2025\/05\/hettich-logo-vector-1-300x167.png\" width=\"65\" height=\"36\" \/><\/td>\n<\/tr>\n<tr data-start=\"1337\" data-end=\"1409\">\n<td width=\"249\" data-start=\"1337\" data-end=\"1376\" data-col-size=\"sm\">Organisateur dans le tiroir<\/td>\n<td width=\"297\" data-start=\"1376\" data-end=\"1409\" data-col-size=\"md\">Non<\/td>\n<\/tr>\n<tr data-start=\"1410\" data-end=\"1482\">\n<td width=\"249\" data-start=\"1410\" data-end=\"1449\" data-col-size=\"sm\">Comptoir inclus<\/td>\n<td width=\"297\" data-start=\"1449\" data-end=\"1482\" data-col-size=\"md\">Oui<\/td>\n<\/tr>\n<tr data-start=\"1483\" data-end=\"1555\">\n<td width=\"249\" data-start=\"1483\" data-end=\"1522\" data-col-size=\"sm\">Lavabo inclus<\/td>\n<td width=\"297\" data-start=\"1522\" data-end=\"1555\" data-col-size=\"md\">Oui<\/td>\n<\/tr>\n<tr data-start=\"1556\" data-end=\"1628\">\n<td width=\"249\" data-start=\"1556\" data-end=\"1595\" data-col-size=\"sm\">Nombre de lavabos<\/td>\n<td width=\"297\" data-start=\"1595\" data-end=\"1628\" data-col-size=\"md\">Double<\/td>\n<\/tr>\n<tr data-start=\"1629\" data-end=\"1701\">\n<td width=\"249\" data-start=\"1629\" data-end=\"1668\" data-col-size=\"sm\">Dosseret inclus<\/td>\n<td width=\"297\" data-start=\"1668\" data-end=\"1701\" data-col-size=\"md\">Oui<\/td>\n<\/tr>\n<tr data-start=\"1702\" data-end=\"1774\">\n<td width=\"249\" data-start=\"1702\" data-end=\"1741\" data-col-size=\"sm\">Eclairage LED<\/td>\n<td width=\"297\" data-start=\"1741\" data-end=\"1774\" data-col-size=\"md\">Non<\/td>\n<\/tr>\n<tr data-start=\"1775\" data-end=\"1847\">\n<td width=\"249\" data-start=\"1775\" data-end=\"1814\" data-col-size=\"sm\">Quincaillerie d'armoire incluse<\/td>\n<td width=\"297\" data-start=\"1814\" data-end=\"1847\" data-col-size=\"md\">Oui<\/td>\n<\/tr>\n<tr data-start=\"1848\" data-end=\"1920\">\n<td width=\"249\" data-start=\"1848\" data-end=\"1887\" data-col-size=\"sm\">Type d'installation de robinet compatible<\/td>\n<td width=\"297\" data-start=\"1887\" data-end=\"1920\" data-col-size=\"md\">Trou unique<\/td>\n<\/tr>\n<tr data-start=\"1921\" data-end=\"1993\">\n<td width=\"249\" data-start=\"1921\" data-end=\"1960\" data-col-size=\"sm\">Trou de trop-plein<\/td>\n<td width=\"297\" data-start=\"1960\" data-end=\"1993\" data-col-size=\"md\">Oui<\/td>\n<\/tr>\n<tr data-start=\"1994\" data-end=\"2066\">\n<td width=\"249\" data-start=\"1994\" data-end=\"2033\" data-col-size=\"sm\">Assembl\u00e9 ou non assembl\u00e9<\/td>\n<td width=\"297\" data-start=\"2033\" data-end=\"2066\" data-col-size=\"md\">Assembl\u00e9<\/td>\n<\/tr>\n<tr data-start=\"2067\" data-end=\"2139\">\n<td width=\"249\" data-start=\"2067\" data-end=\"2106\" data-col-size=\"sm\">Garantie<\/td>\n<td width=\"297\" data-start=\"2106\" data-end=\"2139\" data-col-size=\"md\">2 ans<\/td>\n<\/tr>\n<\/tbody>\n<\/table>","protected":false},"excerpt":{"rendered":"<p>Core a une longueur d'avance gr\u00e2ce \u00e0 ses fonctionnalit\u00e9s<br \/>\nainsi que son aspect esth\u00e9tique...<\/p>","protected":false},"featured_media":1021,"comment_status":"open","ping_status":"closed","template":"","meta":{"_acf_changed":false},"product_brand":[],"product_cat":[79,86],"product_tag":[67],"class_list":{"0":"post-1015","1":"product","2":"type-product","3":"status-publish","4":"has-post-thumbnail","6":"product_cat-usacollection","7":"product_cat-core","8":"product_tag-core","10":"first","11":"instock","12":"taxable","13":"shipping-taxable","14":"product-type-variable","15":"has-default-attributes"},"acf":[],"_links":{"self":[{"href":"https:\/\/nobuconcept.com\/fr\/wp-json\/wp\/v2\/product\/1015","targetHints":{"allow":["GET"]}}],"collection":[{"href":"https:\/\/nobuconcept.com\/fr\/wp-json\/wp\/v2\/product"}],"about":[{"href":"https:\/\/nobuconcept.com\/fr\/wp-json\/wp\/v2\/types\/product"}],"replies":[{"embeddable":true,"href":"https:\/\/nobuconcept.com\/fr\/wp-json\/wp\/v2\/comments?post=1015"}],"wp:featuredmedia":[{"embeddable":true,"href":"https:\/\/nobuconcept.com\/fr\/wp-json\/wp\/v2\/media\/1021"}],"wp:attachment":[{"href":"https:\/\/nobuconcept.com\/fr\/wp-json\/wp\/v2\/media?parent=1015"}],"wp:term":[{"taxonomy":"product_brand","embeddable":true,"href":"https:\/\/nobuconcept.com\/fr\/wp-json\/wp\/v2\/product_brand?post=1015"},{"taxonomy":"product_cat","embeddable":true,"href":"https:\/\/nobuconcept.com\/fr\/wp-json\/wp\/v2\/product_cat?post=1015"},{"taxonomy":"product_tag","embeddable":true,"href":"https:\/\/nobuconcept.com\/fr\/wp-json\/wp\/v2\/product_tag?post=1015"}],"curies":[{"name":"wp","href":"https:\/\/api.w.org\/{rel}","templated":true}]}}