{"id":1254,"date":"2026-02-18T11:17:25","date_gmt":"2026-02-18T11:17:25","guid":{"rendered":"https:\/\/nobuconcept.com\/?post_type=product&#038;p=1254"},"modified":"2026-02-18T11:39:10","modified_gmt":"2026-02-18T11:39:10","slug":"harmony-v2-32","status":"publish","type":"product","link":"https:\/\/nobuconcept.com\/fr\/produit\/harmony-v2-32\/","title":{"rendered":"HARMONY V2 32&#8243;"},"content":{"rendered":"<h4><strong>AUTRES TAILLES<\/strong><\/h4>\n<table style=\"height: 68px;\" width=\"214\">\n<tbody>\n<tr>\n<td style=\"text-align: center;\">\n<pre>32<\/pre>\n<\/td>\n<td style=\"text-align: center;\"><\/td>\n<td style=\"text-align: center;\"><\/td>\n<td style=\"text-align: center;\"><\/td>\n<\/tr>\n<\/tbody>\n<\/table>\n<h4><strong>SP\u00c9CIFICATIONS TECHNIQUES<\/strong><\/h4>\n<table style=\"height: 844px;\" width=\"650\">\n<tbody>\n<tr>\n<td width=\"278\"><span data-path-to-node=\"2,1,0,0\">Mat\u00e9riau de la carcasse<\/span><\/td>\n<td width=\"296\"><span data-path-to-node=\"2,1,1,0\">MDF stratifi\u00e9<\/span><\/td>\n<\/tr>\n<tr>\n<td width=\"278\"><span data-path-to-node=\"2,2,0,0\">Mat\u00e9riaux des portes et des panneaux lat\u00e9raux<\/span><\/td>\n<td width=\"296\"><span data-path-to-node=\"2,2,1,0\">Laqu\u00e9 mat<\/span><\/td>\n<\/tr>\n<tr>\n<td width=\"278\"><span data-path-to-node=\"2,3,0,0\">Mat\u00e9riau du comptoir<\/span><\/td>\n<td width=\"296\"><span data-path-to-node=\"2,3,1,0\">Cuvette en c\u00e9ramique int\u00e9gr\u00e9e<\/span><\/td>\n<\/tr>\n<tr>\n<td width=\"278\"><span data-path-to-node=\"2,4,0,0\">Couleur du comptoir<\/span><\/td>\n<td width=\"296\"><span data-path-to-node=\"2,4,1,0\">&#8211;<\/span><\/td>\n<\/tr>\n<tr>\n<td width=\"278\"><span data-path-to-node=\"2,5,0,0\">Mat\u00e9riau du lavabo<\/span><\/td>\n<td width=\"296\"><span data-path-to-node=\"2,5,1,0\">C\u00e9ramique<\/span><\/td>\n<\/tr>\n<tr>\n<td width=\"278\"><span data-path-to-node=\"2,6,0,0\">Couleur du lavabo<\/span><\/td>\n<td width=\"296\"><span data-path-to-node=\"2,6,1,0\">Blanc<\/span><\/td>\n<\/tr>\n<tr>\n<td width=\"278\"><span data-path-to-node=\"2,7,0,0\">Washbasin Weight lb.<\/span><\/td>\n<td width=\"296\">40,56 lb.<\/td>\n<\/tr>\n<tr>\n<td width=\"278\"><span data-path-to-node=\"2,8,0,0\">Washbasin Sizes Inch<\/span><\/td>\n<td width=\"296\">31 \u00bd&#8221;W x 17 \u00be&#8221;D<\/td>\n<\/tr>\n<tr>\n<td width=\"278\"><span data-path-to-node=\"2,9,0,0\">Base Cabinet Weight lb.<\/span><\/td>\n<td width=\"296\">55,15 lb.<\/td>\n<\/tr>\n<tr>\n<td width=\"278\"><span data-path-to-node=\"2,10,0,0\">Base Cabinet Sizes Inch<\/span><\/td>\n<td width=\"296\">30 \u2075\u2044\u2081\u2086&#8221;W x 19 \u00b9\u00b9\u2044\u2081\u2086&#8221;D x 16 \u00b2\u00b3\/\u2083\u2082&#8221;H<\/td>\n<\/tr>\n<tr>\n<td width=\"278\"><span data-path-to-node=\"2,11,0,0\">Nombre de tiroirs fonctionnels<\/span><\/td>\n<td width=\"296\">2<\/td>\n<\/tr>\n<tr>\n<td width=\"278\"><span data-path-to-node=\"2,12,0,0\">Syst\u00e8me de fermeture en douceur des tiroirs<\/span><\/td>\n<td width=\"296\"><span data-path-to-node=\"2,12,1,0\">Oui<\/span><\/td>\n<\/tr>\n<tr>\n<td width=\"278\"><span data-path-to-node=\"2,13,0,0\">Syst\u00e8me de fermeture en douceur de la porte<\/span><\/td>\n<td width=\"296\"><span data-path-to-node=\"2,13,1,0\">&#8211;<\/span><\/td>\n<\/tr>\n<tr>\n<td width=\"278\"><span data-path-to-node=\"2,14,0,0\">Marque de la charni\u00e8re et du tiroir<\/span><\/td>\n<td width=\"296\"><span data-path-to-node=\"2,14,1,0\"><img loading=\"lazy\" decoding=\"async\" class=\"\" src=\"https:\/\/nobuconcept.com\/wp-content\/uploads\/2025\/05\/hettich-logo-vector-1-300x167.png\" width=\"65\" height=\"36\" \/> <img loading=\"lazy\" decoding=\"async\" class=\"\" src=\"https:\/\/res.cloudinary.com\/hdi\/images\/f_auto,q_auto\/v1610734119\/BLUM_Logo\/BLUM_Logo.png?_i=AA\" alt=\"Blum Location Available - Rugby\" width=\"77\" height=\"21\" \/><\/span><\/td>\n<\/tr>\n<tr>\n<td width=\"278\"><span data-path-to-node=\"2,15,0,0\">Organisateur dans le tiroir<\/span><\/td>\n<td width=\"296\"><span data-path-to-node=\"2,15,1,0\">Non<\/span><\/td>\n<\/tr>\n<tr>\n<td width=\"278\"><span data-path-to-node=\"2,16,0,0\">Comptoir inclus<\/span><\/td>\n<td width=\"296\"><span data-path-to-node=\"2,16,1,0\">&#8211;<\/span><\/td>\n<\/tr>\n<tr>\n<td width=\"278\"><span data-path-to-node=\"2,17,0,0\">Lavabo inclus<\/span><\/td>\n<td width=\"296\"><span data-path-to-node=\"2,17,1,0\">Oui<\/span><\/td>\n<\/tr>\n<tr>\n<td width=\"278\"><span data-path-to-node=\"2,18,0,0\">Nombre de lavabos<\/span><\/td>\n<td width=\"296\"><span data-path-to-node=\"2,18,1,0\">Unique<\/span><\/td>\n<\/tr>\n<tr>\n<td width=\"278\"><span data-path-to-node=\"2,19,0,0\">Dosseret inclus<\/span><\/td>\n<td width=\"296\"><span data-path-to-node=\"2,19,1,0\">Non<\/span><\/td>\n<\/tr>\n<tr>\n<td width=\"278\"><span data-path-to-node=\"2,20,0,0\">Eclairage \u00e0 Led<\/span><\/td>\n<td width=\"296\"><span data-path-to-node=\"2,20,1,0\">Non<\/span><\/td>\n<\/tr>\n<tr>\n<td width=\"278\"><span data-path-to-node=\"2,21,0,0\">Quincaillerie d'armoire incluse<\/span><\/td>\n<td width=\"296\"><span data-path-to-node=\"2,21,1,0\">Oui<\/span><\/td>\n<\/tr>\n<tr>\n<td width=\"278\"><span data-path-to-node=\"2,22,0,0\">Type d'installation de robinet compatible<\/span><\/td>\n<td width=\"296\"><span data-path-to-node=\"2,22,1,0\">Trou unique<\/span><\/td>\n<\/tr>\n<tr>\n<td width=\"278\"><span data-path-to-node=\"2,23,0,0\">Trou de trop-plein<\/span><\/td>\n<td width=\"296\"><span data-path-to-node=\"2,23,1,0\">Oui<\/span><\/td>\n<\/tr>\n<tr>\n<td width=\"278\"><span data-path-to-node=\"2,24,0,0\">Assembl\u00e9 ou non assembl\u00e9<\/span><\/td>\n<td width=\"296\"><span data-path-to-node=\"2,24,1,0\">Assembl\u00e9<\/span><\/td>\n<\/tr>\n<tr>\n<td width=\"278\"><span data-path-to-node=\"2,25,0,0\">Garantie<\/span><\/td>\n<td width=\"296\"><span data-path-to-node=\"2,25,1,0\">2 ans<\/span><\/td>\n<\/tr>\n<\/tbody>\n<\/table>","protected":false},"excerpt":{"rendered":"<p>OTHER SIZES 32 TECHNICAL SPECIFICATION Carcass Material Laminated MDF Doors &amp; Side Panel Material Matt Lacquered Countertop Material Integrated Ceramic<\/p>","protected":false},"featured_media":1256,"comment_status":"open","ping_status":"closed","template":"","meta":{"_acf_changed":false},"product_brand":[],"product_cat":[91,92],"product_tag":[],"class_list":{"0":"post-1254","1":"product","2":"type-product","3":"status-publish","4":"has-post-thumbnail","6":"product_cat-ukcollection","7":"product_cat-harmony","9":"first","10":"instock","11":"taxable","12":"shipping-taxable","13":"product-type-variable","14":"has-default-attributes"},"acf":[],"_links":{"self":[{"href":"https:\/\/nobuconcept.com\/fr\/wp-json\/wp\/v2\/product\/1254","targetHints":{"allow":["GET"]}}],"collection":[{"href":"https:\/\/nobuconcept.com\/fr\/wp-json\/wp\/v2\/product"}],"about":[{"href":"https:\/\/nobuconcept.com\/fr\/wp-json\/wp\/v2\/types\/product"}],"replies":[{"embeddable":true,"href":"https:\/\/nobuconcept.com\/fr\/wp-json\/wp\/v2\/comments?post=1254"}],"wp:featuredmedia":[{"embeddable":true,"href":"https:\/\/nobuconcept.com\/fr\/wp-json\/wp\/v2\/media\/1256"}],"wp:attachment":[{"href":"https:\/\/nobuconcept.com\/fr\/wp-json\/wp\/v2\/media?parent=1254"}],"wp:term":[{"taxonomy":"product_brand","embeddable":true,"href":"https:\/\/nobuconcept.com\/fr\/wp-json\/wp\/v2\/product_brand?post=1254"},{"taxonomy":"product_cat","embeddable":true,"href":"https:\/\/nobuconcept.com\/fr\/wp-json\/wp\/v2\/product_cat?post=1254"},{"taxonomy":"product_tag","embeddable":true,"href":"https:\/\/nobuconcept.com\/fr\/wp-json\/wp\/v2\/product_tag?post=1254"}],"curies":[{"name":"wp","href":"https:\/\/api.w.org\/{rel}","templated":true}]}}