{"id":1262,"date":"2026-02-18T11:44:06","date_gmt":"2026-02-18T11:44:06","guid":{"rendered":"https:\/\/nobuconcept.com\/?post_type=product&#038;p=1262"},"modified":"2026-02-28T06:42:35","modified_gmt":"2026-02-28T06:42:35","slug":"next-v1-24","status":"publish","type":"product","link":"https:\/\/nobuconcept.com\/fr\/produit\/next-v1-24\/","title":{"rendered":"NEXT V1 24&#8243;"},"content":{"rendered":"<h4><strong>SP\u00c9CIFICATIONS TECHNIQUES<\/strong><\/h4>\n<table style=\"height: 749px;\" width=\"604\" data-path-to-node=\"0\">\n<tbody>\n<tr>\n<td width=\"252\">Mat\u00e9riau de la carcasse<\/td>\n<td width=\"274\">MDF stratifi\u00e9<\/td>\n<\/tr>\n<tr>\n<td width=\"252\"><span data-path-to-node=\"0,1,0,0\">Mat\u00e9riaux des portes et des panneaux lat\u00e9raux<\/span><\/td>\n<td width=\"274\"><span data-path-to-node=\"0,1,1,0\">Lac Panel<\/span><\/td>\n<\/tr>\n<tr>\n<td width=\"252\"><span data-path-to-node=\"0,2,0,0\">Mat\u00e9riau du comptoir<\/span><\/td>\n<td width=\"274\"><span data-path-to-node=\"0,2,1,0\">Cuvette en c\u00e9ramique int\u00e9gr\u00e9e<\/span><\/td>\n<\/tr>\n<tr>\n<td width=\"252\"><span data-path-to-node=\"0,3,0,0\">Couleur du comptoir<\/span><\/td>\n<td width=\"274\"><span data-path-to-node=\"0,3,1,0\">&#8211;<\/span><\/td>\n<\/tr>\n<tr>\n<td width=\"252\"><span data-path-to-node=\"0,4,0,0\">Mat\u00e9riau du lavabo<\/span><\/td>\n<td width=\"274\"><span data-path-to-node=\"0,4,1,0\">C\u00e9ramique<\/span><\/td>\n<\/tr>\n<tr>\n<td width=\"252\"><span data-path-to-node=\"0,5,0,0\">Couleur du lavabo<\/span><\/td>\n<td width=\"274\"><span data-path-to-node=\"0,5,1,0\">Blanc<\/span><\/td>\n<\/tr>\n<tr>\n<td width=\"252\"><span data-path-to-node=\"0,6,0,0\">Washbasin Weight lb.<\/span><\/td>\n<td width=\"274\"><span data-path-to-node=\"0,6,1,0\">28,21 lb.<\/span><\/td>\n<\/tr>\n<tr>\n<td width=\"252\"><span data-path-to-node=\"0,7,0,0\">Washbasin Sizes Inch<\/span><\/td>\n<td width=\"274\"><span data-path-to-node=\"0,7,1,0\">23 5\/8&#8243;W x 17 3\/4&#8243;D<\/span><\/td>\n<\/tr>\n<tr>\n<td width=\"252\"><span data-path-to-node=\"0,8,0,0\">Base Cabinet Weight lb.<\/span><\/td>\n<td width=\"274\"><span data-path-to-node=\"0,8,1,0\">42,1 lb.<\/span><\/td>\n<\/tr>\n<tr>\n<td width=\"252\"><span data-path-to-node=\"0,9,0,0\">Base Cabinet Sizes Inch<\/span><\/td>\n<td width=\"274\"><span data-path-to-node=\"0,9,1,0\">22 7\/16&#8243;W x 19 11\/16&#8243;D x 16 9\/10&#8243;H<\/span><\/td>\n<\/tr>\n<tr>\n<td width=\"252\"><span data-path-to-node=\"0,10,0,0\">Nombre de tiroirs fonctionnels<\/span><\/td>\n<td width=\"274\"><span data-path-to-node=\"0,10,1,0\">2<\/span><\/td>\n<\/tr>\n<tr>\n<td width=\"252\"><span data-path-to-node=\"0,11,0,0\">Syst\u00e8me de fermeture en douceur des tiroirs<\/span><\/td>\n<td width=\"274\"><span data-path-to-node=\"0,11,1,0\">Oui<\/span><\/td>\n<\/tr>\n<tr>\n<td width=\"252\"><span data-path-to-node=\"0,12,0,0\">Syst\u00e8me de fermeture en douceur de la porte<\/span><\/td>\n<td width=\"274\"><span data-path-to-node=\"0,12,1,0\">&#8211;<\/span><\/td>\n<\/tr>\n<tr>\n<td width=\"252\"><span data-path-to-node=\"0,13,0,0\">Marque de la charni\u00e8re et du tiroir<\/span><\/td>\n<td width=\"274\"><span data-path-to-node=\"2,14,1,0\"><img loading=\"lazy\" decoding=\"async\" class=\"\" src=\"https:\/\/nobuconcept.com\/wp-content\/uploads\/2025\/05\/hettich-logo-vector-1-300x167.png\" width=\"65\" height=\"36\" \/> <img loading=\"lazy\" decoding=\"async\" class=\"\" src=\"https:\/\/res.cloudinary.com\/hdi\/images\/f_auto,q_auto\/v1610734119\/BLUM_Logo\/BLUM_Logo.png?_i=AA\" alt=\"Blum Location Available - Rugby\" width=\"77\" height=\"21\" \/><\/span><\/td>\n<\/tr>\n<tr>\n<td width=\"252\"><span data-path-to-node=\"0,14,0,0\">Organisateur dans le tiroir<\/span><\/td>\n<td width=\"274\"><span data-path-to-node=\"0,14,1,0\">Non<\/span><\/td>\n<\/tr>\n<tr>\n<td width=\"252\"><span data-path-to-node=\"0,15,0,0\">Comptoir inclus<\/span><\/td>\n<td width=\"274\"><span data-path-to-node=\"0,15,1,0\">&#8211;<\/span><\/td>\n<\/tr>\n<tr>\n<td width=\"252\"><span data-path-to-node=\"0,16,0,0\">Lavabo inclus<\/span><\/td>\n<td width=\"274\"><span data-path-to-node=\"0,16,1,0\">Oui<\/span><\/td>\n<\/tr>\n<tr>\n<td width=\"252\"><span data-path-to-node=\"0,17,0,0\">Nombre de lavabos<\/span><\/td>\n<td width=\"274\"><span data-path-to-node=\"0,17,1,0\">Unique<\/span><\/td>\n<\/tr>\n<tr>\n<td width=\"252\"><span data-path-to-node=\"0,18,0,0\">Dosseret inclus<\/span><\/td>\n<td width=\"274\"><span data-path-to-node=\"0,18,1,0\">Non<\/span><\/td>\n<\/tr>\n<tr>\n<td width=\"252\"><span data-path-to-node=\"0,19,0,0\">Eclairage \u00e0 Led<\/span><\/td>\n<td width=\"274\"><span data-path-to-node=\"0,19,1,0\">Non<\/span><\/td>\n<\/tr>\n<tr>\n<td width=\"252\"><span data-path-to-node=\"0,20,0,0\">Quincaillerie d'armoire incluse<\/span><\/td>\n<td width=\"274\"><span data-path-to-node=\"0,20,1,0\">Oui<\/span><\/td>\n<\/tr>\n<tr>\n<td width=\"252\"><span data-path-to-node=\"0,21,0,0\">Type d'installation de robinet compatible<\/span><\/td>\n<td width=\"274\"><span data-path-to-node=\"0,21,1,0\">Trou unique<\/span><\/td>\n<\/tr>\n<tr>\n<td width=\"252\"><span data-path-to-node=\"0,22,0,0\">Trou de trop-plein<\/span><\/td>\n<td width=\"274\"><span data-path-to-node=\"0,22,1,0\">Oui<\/span><\/td>\n<\/tr>\n<tr>\n<td width=\"252\"><span data-path-to-node=\"0,23,0,0\">Assembl\u00e9 ou non assembl\u00e9<\/span><\/td>\n<td width=\"274\"><span data-path-to-node=\"0,23,1,0\">Assembl\u00e9<\/span><\/td>\n<\/tr>\n<tr>\n<td width=\"252\"><span data-path-to-node=\"0,24,0,0\">Garantie<\/span><\/td>\n<td width=\"274\"><span data-path-to-node=\"0,24,1,0\">2 ans<\/span><\/td>\n<\/tr>\n<\/tbody>\n<\/table>","protected":false},"excerpt":{"rendered":"<p>TECHNICAL SPECIFICATION Carcass Material Laminated MDF Doors &amp; Side Panel Material Lac Panel Countertop Material Integrated Ceramic Basin Countertop Color<\/p>","protected":false},"featured_media":1335,"comment_status":"open","ping_status":"closed","template":"","meta":{"_acf_changed":false},"product_brand":[],"product_cat":[91,93],"product_tag":[],"class_list":{"0":"post-1262","1":"product","2":"type-product","3":"status-publish","4":"has-post-thumbnail","6":"product_cat-ukcollection","7":"product_cat-next","9":"first","10":"instock","11":"taxable","12":"shipping-taxable","13":"product-type-variable","14":"has-default-attributes"},"acf":[],"_links":{"self":[{"href":"https:\/\/nobuconcept.com\/fr\/wp-json\/wp\/v2\/product\/1262","targetHints":{"allow":["GET"]}}],"collection":[{"href":"https:\/\/nobuconcept.com\/fr\/wp-json\/wp\/v2\/product"}],"about":[{"href":"https:\/\/nobuconcept.com\/fr\/wp-json\/wp\/v2\/types\/product"}],"replies":[{"embeddable":true,"href":"https:\/\/nobuconcept.com\/fr\/wp-json\/wp\/v2\/comments?post=1262"}],"wp:featuredmedia":[{"embeddable":true,"href":"https:\/\/nobuconcept.com\/fr\/wp-json\/wp\/v2\/media\/1335"}],"wp:attachment":[{"href":"https:\/\/nobuconcept.com\/fr\/wp-json\/wp\/v2\/media?parent=1262"}],"wp:term":[{"taxonomy":"product_brand","embeddable":true,"href":"https:\/\/nobuconcept.com\/fr\/wp-json\/wp\/v2\/product_brand?post=1262"},{"taxonomy":"product_cat","embeddable":true,"href":"https:\/\/nobuconcept.com\/fr\/wp-json\/wp\/v2\/product_cat?post=1262"},{"taxonomy":"product_tag","embeddable":true,"href":"https:\/\/nobuconcept.com\/fr\/wp-json\/wp\/v2\/product_tag?post=1262"}],"curies":[{"name":"wp","href":"https:\/\/api.w.org\/{rel}","templated":true}]}}