{"id":1361,"date":"2026-02-28T08:33:43","date_gmt":"2026-02-28T08:33:43","guid":{"rendered":"https:\/\/nobuconcept.com\/?post_type=product&#038;p=1361"},"modified":"2026-02-28T08:47:21","modified_gmt":"2026-02-28T08:47:21","slug":"urban-v1-24","status":"publish","type":"product","link":"https:\/\/nobuconcept.com\/fr\/produit\/urban-v1-24\/","title":{"rendered":"URBAN V1 24&#8243;"},"content":{"rendered":"<h4><strong>SP\u00c9CIFICATIONS TECHNIQUES<\/strong><\/h4>\n<table style=\"height: 754px;\" width=\"679\" data-path-to-node=\"2\">\n<thead>\n<tr>\n<td><strong>\u00d6zellik<\/strong><\/td>\n<td><strong>De\u011fer<\/strong><\/td>\n<\/tr>\n<\/thead>\n<tbody>\n<tr>\n<td><span data-path-to-node=\"2,1,0,0\"><b data-path-to-node=\"2,1,0,0\" data-index-in-node=\"0\">Mat\u00e9riau de la carcasse<\/b><\/span><\/td>\n<td><span data-path-to-node=\"2,1,1,0\">MDF stratifi\u00e9<\/span><\/td>\n<\/tr>\n<tr>\n<td><span data-path-to-node=\"2,2,0,0\"><b data-path-to-node=\"2,2,0,0\" data-index-in-node=\"0\">Mat\u00e9riaux des portes et des panneaux lat\u00e9raux<\/b><\/span><\/td>\n<td><span data-path-to-node=\"2,2,1,0\">MDF stratifi\u00e9<\/span><\/td>\n<\/tr>\n<tr>\n<td><span data-path-to-node=\"2,3,0,0\"><b data-path-to-node=\"2,3,0,0\" data-index-in-node=\"0\">Mat\u00e9riau du comptoir<\/b><\/span><\/td>\n<td><span data-path-to-node=\"2,3,1,0\">Cuvette en c\u00e9ramique int\u00e9gr\u00e9e<\/span><\/td>\n<\/tr>\n<tr>\n<td><span data-path-to-node=\"2,4,0,0\"><b data-path-to-node=\"2,4,0,0\" data-index-in-node=\"0\">Couleur du comptoir<\/b><\/span><\/td>\n<td><span data-path-to-node=\"2,4,1,0\">&#8211;<\/span><\/td>\n<\/tr>\n<tr>\n<td><span data-path-to-node=\"2,5,0,0\"><b data-path-to-node=\"2,5,0,0\" data-index-in-node=\"0\">Mat\u00e9riau du lavabo<\/b><\/span><\/td>\n<td><span data-path-to-node=\"2,5,1,0\">C\u00e9ramique<\/span><\/td>\n<\/tr>\n<tr>\n<td><span data-path-to-node=\"2,6,0,0\"><b data-path-to-node=\"2,6,0,0\" data-index-in-node=\"0\">Couleur du lavabo<\/b><\/span><\/td>\n<td><span data-path-to-node=\"2,6,1,0\">Blanc<\/span><\/td>\n<\/tr>\n<tr>\n<td><span data-path-to-node=\"2,7,0,0\"><b data-path-to-node=\"2,7,0,0\" data-index-in-node=\"0\">Washbasin Weight lb.<\/b><\/span><\/td>\n<td><span data-path-to-node=\"2,7,1,0\">28,21 lb.<\/span><\/td>\n<\/tr>\n<tr>\n<td><span data-path-to-node=\"2,8,0,0\"><b data-path-to-node=\"2,8,0,0\" data-index-in-node=\"0\">Washbasin Sizes Inch<\/b><\/span><\/td>\n<td><span data-path-to-node=\"2,8,1,0\">23 \u215d&#8221;W x 17 \u00be&#8221;D<\/span><\/td>\n<\/tr>\n<tr>\n<td><span data-path-to-node=\"2,9,0,0\"><b data-path-to-node=\"2,9,0,0\" data-index-in-node=\"0\">Base Cabinet Weight lb.<\/b><\/span><\/td>\n<td><span data-path-to-node=\"2,9,1,0\">46,95 lb.<\/span><\/td>\n<\/tr>\n<tr>\n<td><span data-path-to-node=\"2,10,0,0\"><b data-path-to-node=\"2,10,0,0\" data-index-in-node=\"0\">Base Cabinet Sizes Inch<\/b><\/span><\/td>\n<td><span data-path-to-node=\"2,10,1,0\">22 \u2077\/\u2081\u2086&#8221;W x 31 \u2075\u2077\/\u2086\u2084&#8221;D x 16 \u2079\/\u2081\u2080&#8221;H<\/span><\/td>\n<\/tr>\n<tr>\n<td><span data-path-to-node=\"2,11,0,0\"><b data-path-to-node=\"2,11,0,0\" data-index-in-node=\"0\">Nombre de tiroirs fonctionnels<\/b><\/span><\/td>\n<td><span data-path-to-node=\"2,11,1,0\">&#8211;<\/span><\/td>\n<\/tr>\n<tr>\n<td><span data-path-to-node=\"2,12,0,0\"><b data-path-to-node=\"2,12,0,0\" data-index-in-node=\"0\">Syst\u00e8me de fermeture en douceur des tiroirs<\/b><\/span><\/td>\n<td><span data-path-to-node=\"2,12,1,0\">&#8211;<\/span><\/td>\n<\/tr>\n<tr>\n<td><span data-path-to-node=\"2,13,0,0\"><b data-path-to-node=\"2,13,0,0\" data-index-in-node=\"0\">Syst\u00e8me de fermeture en douceur de la porte<\/b><\/span><\/td>\n<td><span data-path-to-node=\"2,13,1,0\">Oui<\/span><\/td>\n<\/tr>\n<tr>\n<td><span data-path-to-node=\"2,14,0,0\"><b data-path-to-node=\"2,14,0,0\" data-index-in-node=\"0\">Marque de la charni\u00e8re et du tiroir<\/b><\/span><\/td>\n<td><img loading=\"lazy\" decoding=\"async\" class=\"\" src=\"https:\/\/nobuconcept.com\/wp-content\/uploads\/2025\/05\/hettich-logo-vector-1-300x167.png\" width=\"52\" height=\"29\" \/> <img loading=\"lazy\" decoding=\"async\" class=\"\" src=\"https:\/\/res.cloudinary.com\/hdi\/images\/f_auto,q_auto\/v1610734119\/BLUM_Logo\/BLUM_Logo.png?_i=AA\" alt=\"Blum Location Available - Rugby\" width=\"77\" height=\"21\" \/><\/td>\n<\/tr>\n<tr>\n<td><span data-path-to-node=\"2,15,0,0\"><b data-path-to-node=\"2,15,0,0\" data-index-in-node=\"0\">Organisateur dans le tiroir<\/b><\/span><\/td>\n<td><span data-path-to-node=\"2,15,1,0\">Non<\/span><\/td>\n<\/tr>\n<tr>\n<td><span data-path-to-node=\"2,16,0,0\"><b data-path-to-node=\"2,16,0,0\" data-index-in-node=\"0\">Comptoir inclus<\/b><\/span><\/td>\n<td><span data-path-to-node=\"2,16,1,0\">&#8211;<\/span><\/td>\n<\/tr>\n<tr>\n<td><span data-path-to-node=\"2,17,0,0\"><b data-path-to-node=\"2,17,0,0\" data-index-in-node=\"0\">Lavabo inclus<\/b><\/span><\/td>\n<td><span data-path-to-node=\"2,17,1,0\">Oui<\/span><\/td>\n<\/tr>\n<tr>\n<td><span data-path-to-node=\"2,18,0,0\"><b data-path-to-node=\"2,18,0,0\" data-index-in-node=\"0\">Nombre de lavabos<\/b><\/span><\/td>\n<td><span data-path-to-node=\"2,18,1,0\">Unique<\/span><\/td>\n<\/tr>\n<tr>\n<td><span data-path-to-node=\"2,19,0,0\"><b data-path-to-node=\"2,19,0,0\" data-index-in-node=\"0\">Dosseret inclus<\/b><\/span><\/td>\n<td><span data-path-to-node=\"2,19,1,0\">Non<\/span><\/td>\n<\/tr>\n<tr>\n<td><span data-path-to-node=\"2,20,0,0\"><b data-path-to-node=\"2,20,0,0\" data-index-in-node=\"0\">Eclairage \u00e0 Led<\/b><\/span><\/td>\n<td><span data-path-to-node=\"2,20,1,0\">Non<\/span><\/td>\n<\/tr>\n<tr>\n<td><span data-path-to-node=\"2,21,0,0\"><b data-path-to-node=\"2,21,0,0\" data-index-in-node=\"0\">Quincaillerie d'armoire incluse<\/b><\/span><\/td>\n<td><span data-path-to-node=\"2,21,1,0\">Oui<\/span><\/td>\n<\/tr>\n<tr>\n<td><span data-path-to-node=\"2,22,0,0\"><b data-path-to-node=\"2,22,0,0\" data-index-in-node=\"0\">Type d'installation de robinet compatible<\/b><\/span><\/td>\n<td><span data-path-to-node=\"2,22,1,0\">Trou unique<\/span><\/td>\n<\/tr>\n<tr>\n<td><span data-path-to-node=\"2,23,0,0\"><b data-path-to-node=\"2,23,0,0\" data-index-in-node=\"0\">Trou de trop-plein<\/b><\/span><\/td>\n<td><span data-path-to-node=\"2,23,1,0\">Oui<\/span><\/td>\n<\/tr>\n<tr>\n<td><span data-path-to-node=\"2,24,0,0\"><b data-path-to-node=\"2,24,0,0\" data-index-in-node=\"0\">Assembl\u00e9 ou non assembl\u00e9<\/b><\/span><\/td>\n<td><span data-path-to-node=\"2,24,1,0\">Assembl\u00e9<\/span><\/td>\n<\/tr>\n<tr>\n<td><span data-path-to-node=\"2,25,0,0\"><b data-path-to-node=\"2,25,0,0\" data-index-in-node=\"0\">Garantie<\/b><\/span><\/td>\n<td><span data-path-to-node=\"2,25,1,0\">2 ans<\/span><\/td>\n<\/tr>\n<\/tbody>\n<\/table>\n<p>&nbsp;<\/p>","protected":false},"excerpt":{"rendered":"<p>TECHNICAL SPECIFICATION \u00d6zellik De\u011fer Carcass Material Laminated MDF Doors &amp; Side Panel Material Laminated MDF Countertop Material Integrated Ceramic Basin<\/p>","protected":false},"featured_media":1363,"comment_status":"open","ping_status":"closed","template":"","meta":{"_acf_changed":false},"product_brand":[],"product_cat":[91,95],"product_tag":[],"class_list":{"0":"post-1361","1":"product","2":"type-product","3":"status-publish","4":"has-post-thumbnail","6":"product_cat-ukcollection","7":"product_cat-urban","9":"first","10":"instock","11":"taxable","12":"shipping-taxable","13":"product-type-variable","14":"has-default-attributes"},"acf":[],"_links":{"self":[{"href":"https:\/\/nobuconcept.com\/fr\/wp-json\/wp\/v2\/product\/1361","targetHints":{"allow":["GET"]}}],"collection":[{"href":"https:\/\/nobuconcept.com\/fr\/wp-json\/wp\/v2\/product"}],"about":[{"href":"https:\/\/nobuconcept.com\/fr\/wp-json\/wp\/v2\/types\/product"}],"replies":[{"embeddable":true,"href":"https:\/\/nobuconcept.com\/fr\/wp-json\/wp\/v2\/comments?post=1361"}],"wp:featuredmedia":[{"embeddable":true,"href":"https:\/\/nobuconcept.com\/fr\/wp-json\/wp\/v2\/media\/1363"}],"wp:attachment":[{"href":"https:\/\/nobuconcept.com\/fr\/wp-json\/wp\/v2\/media?parent=1361"}],"wp:term":[{"taxonomy":"product_brand","embeddable":true,"href":"https:\/\/nobuconcept.com\/fr\/wp-json\/wp\/v2\/product_brand?post=1361"},{"taxonomy":"product_cat","embeddable":true,"href":"https:\/\/nobuconcept.com\/fr\/wp-json\/wp\/v2\/product_cat?post=1361"},{"taxonomy":"product_tag","embeddable":true,"href":"https:\/\/nobuconcept.com\/fr\/wp-json\/wp\/v2\/product_tag?post=1361"}],"curies":[{"name":"wp","href":"https:\/\/api.w.org\/{rel}","templated":true}]}}