{"id":1372,"date":"2026-02-28T08:54:15","date_gmt":"2026-02-28T08:54:15","guid":{"rendered":"https:\/\/nobuconcept.com\/?post_type=product&#038;p=1372"},"modified":"2026-02-28T09:02:36","modified_gmt":"2026-02-28T09:02:36","slug":"cozy-v1-24","status":"publish","type":"product","link":"https:\/\/nobuconcept.com\/fr\/produit\/cozy-v1-24\/","title":{"rendered":"COZY V1 24&#8243;"},"content":{"rendered":"<h4><strong>SP\u00c9CIFICATIONS TECHNIQUES<\/strong><\/h4>\n<table style=\"height: 806px;\" width=\"682\">\n<tbody>\n<tr>\n<td width=\"292\"><span data-path-to-node=\"0,1,0,0\">Mat\u00e9riau de la carcasse<\/span><\/td>\n<td width=\"300\"><span data-path-to-node=\"0,1,1,0\">MDF stratifi\u00e9<\/span><\/td>\n<\/tr>\n<tr>\n<td width=\"292\"><span data-path-to-node=\"0,2,0,0\">Mat\u00e9riaux des portes et des panneaux lat\u00e9raux<\/span><\/td>\n<td width=\"300\"><span data-path-to-node=\"0,2,1,0\">MDF stratifi\u00e9<\/span><\/td>\n<\/tr>\n<tr>\n<td width=\"292\"><span data-path-to-node=\"0,3,0,0\">Mat\u00e9riau du comptoir<\/span><\/td>\n<td width=\"300\"><span data-path-to-node=\"0,3,1,0\">Cuvette en c\u00e9ramique int\u00e9gr\u00e9e<\/span><\/td>\n<\/tr>\n<tr>\n<td width=\"292\"><span data-path-to-node=\"0,4,0,0\">Couleur du comptoir<\/span><\/td>\n<td width=\"300\"><span data-path-to-node=\"0,4,1,0\">&#8211;<\/span><\/td>\n<\/tr>\n<tr>\n<td width=\"292\"><span data-path-to-node=\"0,5,0,0\">Mat\u00e9riau du lavabo<\/span><\/td>\n<td width=\"300\"><span data-path-to-node=\"0,5,1,0\">C\u00e9ramique<\/span><\/td>\n<\/tr>\n<tr>\n<td width=\"292\"><span data-path-to-node=\"0,6,0,0\">Couleur du lavabo<\/span><\/td>\n<td width=\"300\"><span data-path-to-node=\"0,6,1,0\">Blanc<\/span><\/td>\n<\/tr>\n<tr>\n<td width=\"292\"><span data-path-to-node=\"0,7,0,0\">Washbasin Weight lb.<\/span><\/td>\n<td width=\"300\"><span data-path-to-node=\"0,7,1,0\">28,21 lb.<\/span><\/td>\n<\/tr>\n<tr>\n<td width=\"292\"><span data-path-to-node=\"0,8,0,0\">Washbasin Sizes Inch<\/span><\/td>\n<td width=\"300\"><span data-path-to-node=\"0,8,1,0\">23 5\/8&#8243;W x 17 3\/4&#8243;D<\/span><\/td>\n<\/tr>\n<tr>\n<td width=\"292\"><span data-path-to-node=\"0,9,0,0\">Base Cabinet Weight lb.<\/span><\/td>\n<td width=\"300\"><span data-path-to-node=\"0,9,1,0\">43,87 lb.<\/span><\/td>\n<\/tr>\n<tr>\n<td width=\"292\"><span data-path-to-node=\"0,10,0,0\">Base Cabinet Sizes Inch<\/span><\/td>\n<td width=\"300\"><span data-path-to-node=\"0,10,1,0\">22 7\/16&#8243;W x 31 57\/64&#8243;D x 16 9\/10&#8243;H<\/span><\/td>\n<\/tr>\n<tr>\n<td width=\"292\"><span data-path-to-node=\"0,11,0,0\">Nombre de tiroirs fonctionnels<\/span><\/td>\n<td width=\"300\"><span data-path-to-node=\"0,11,1,0\">&#8211;<\/span><\/td>\n<\/tr>\n<tr>\n<td width=\"292\"><span data-path-to-node=\"0,12,0,0\">Syst\u00e8me de fermeture en douceur des tiroirs<\/span><\/td>\n<td width=\"300\"><span data-path-to-node=\"0,12,1,0\">&#8211;<\/span><\/td>\n<\/tr>\n<tr>\n<td width=\"292\"><span data-path-to-node=\"0,13,0,0\">Syst\u00e8me de fermeture en douceur de la porte<\/span><\/td>\n<td width=\"300\"><span data-path-to-node=\"0,13,1,0\">Oui<\/span><\/td>\n<\/tr>\n<tr>\n<td width=\"292\"><span data-path-to-node=\"0,14,0,0\">Marque de la charni\u00e8re et du tiroir<\/span><\/td>\n<td width=\"300\"><img loading=\"lazy\" decoding=\"async\" class=\"\" src=\"https:\/\/nobuconcept.com\/wp-content\/uploads\/2025\/05\/hettich-logo-vector-1-300x167.png\" width=\"52\" height=\"29\" \/> <img loading=\"lazy\" decoding=\"async\" class=\"\" src=\"https:\/\/res.cloudinary.com\/hdi\/images\/f_auto,q_auto\/v1610734119\/BLUM_Logo\/BLUM_Logo.png?_i=AA\" alt=\"Blum Location Available - Rugby\" width=\"77\" height=\"21\" \/><\/td>\n<\/tr>\n<tr>\n<td width=\"292\"><span data-path-to-node=\"0,15,0,0\">Organisateur dans le tiroir<\/span><\/td>\n<td width=\"300\"><span data-path-to-node=\"0,15,1,0\">Non<\/span><\/td>\n<\/tr>\n<tr>\n<td width=\"292\"><span data-path-to-node=\"0,16,0,0\">Comptoir inclus<\/span><\/td>\n<td width=\"300\"><span data-path-to-node=\"0,16,1,0\">&#8211;<\/span><\/td>\n<\/tr>\n<tr>\n<td width=\"292\"><span data-path-to-node=\"0,17,0,0\">Lavabo inclus<\/span><\/td>\n<td width=\"300\"><span data-path-to-node=\"0,17,1,0\">Oui<\/span><\/td>\n<\/tr>\n<tr>\n<td width=\"292\"><span data-path-to-node=\"0,18,0,0\">Nombre de lavabos<\/span><\/td>\n<td width=\"300\"><span data-path-to-node=\"0,18,1,0\">Unique<\/span><\/td>\n<\/tr>\n<tr>\n<td width=\"292\"><span data-path-to-node=\"0,19,0,0\">Dosseret inclus<\/span><\/td>\n<td width=\"300\"><span data-path-to-node=\"0,19,1,0\">Non<\/span><\/td>\n<\/tr>\n<tr>\n<td width=\"292\"><span data-path-to-node=\"0,20,0,0\">Eclairage \u00e0 Led<\/span><\/td>\n<td width=\"300\"><span data-path-to-node=\"0,20,1,0\">Non<\/span><\/td>\n<\/tr>\n<tr>\n<td width=\"292\"><span data-path-to-node=\"0,21,0,0\">Quincaillerie d'armoire incluse<\/span><\/td>\n<td width=\"300\"><span data-path-to-node=\"0,21,1,0\">Oui<\/span><\/td>\n<\/tr>\n<tr>\n<td width=\"292\"><span data-path-to-node=\"0,22,0,0\">Type d'installation de robinet compatible<\/span><\/td>\n<td width=\"300\"><span data-path-to-node=\"0,22,1,0\">Trou unique<\/span><\/td>\n<\/tr>\n<tr>\n<td width=\"292\"><span data-path-to-node=\"0,23,0,0\">Trou de trop-plein<\/span><\/td>\n<td width=\"300\"><span data-path-to-node=\"0,23,1,0\">Oui<\/span><\/td>\n<\/tr>\n<tr>\n<td width=\"292\"><span data-path-to-node=\"0,24,0,0\">Assembl\u00e9 ou non assembl\u00e9<\/span><\/td>\n<td width=\"300\"><span data-path-to-node=\"0,24,1,0\">Assembl\u00e9<\/span><\/td>\n<\/tr>\n<tr>\n<td width=\"292\"><span data-path-to-node=\"0,25,0,0\">Garantie<\/span><\/td>\n<td width=\"300\"><span data-path-to-node=\"0,25,1,0\">2 ans<\/span><\/td>\n<\/tr>\n<\/tbody>\n<\/table>","protected":false},"excerpt":{"rendered":"<p>TECHNICAL SPECIFICATION Carcass Material Laminated MDF Doors &amp; Side Panel Material Laminated MDF Countertop Material Integrated Ceramic Basin Countertop Color<\/p>","protected":false},"featured_media":1365,"comment_status":"open","ping_status":"closed","template":"","meta":{"_acf_changed":false},"product_brand":[],"product_cat":[91,96],"product_tag":[],"class_list":{"0":"post-1372","1":"product","2":"type-product","3":"status-publish","4":"has-post-thumbnail","6":"product_cat-ukcollection","7":"product_cat-cozy","9":"first","10":"instock","11":"taxable","12":"shipping-taxable","13":"product-type-variable","14":"has-default-attributes"},"acf":[],"_links":{"self":[{"href":"https:\/\/nobuconcept.com\/fr\/wp-json\/wp\/v2\/product\/1372","targetHints":{"allow":["GET"]}}],"collection":[{"href":"https:\/\/nobuconcept.com\/fr\/wp-json\/wp\/v2\/product"}],"about":[{"href":"https:\/\/nobuconcept.com\/fr\/wp-json\/wp\/v2\/types\/product"}],"replies":[{"embeddable":true,"href":"https:\/\/nobuconcept.com\/fr\/wp-json\/wp\/v2\/comments?post=1372"}],"wp:featuredmedia":[{"embeddable":true,"href":"https:\/\/nobuconcept.com\/fr\/wp-json\/wp\/v2\/media\/1365"}],"wp:attachment":[{"href":"https:\/\/nobuconcept.com\/fr\/wp-json\/wp\/v2\/media?parent=1372"}],"wp:term":[{"taxonomy":"product_brand","embeddable":true,"href":"https:\/\/nobuconcept.com\/fr\/wp-json\/wp\/v2\/product_brand?post=1372"},{"taxonomy":"product_cat","embeddable":true,"href":"https:\/\/nobuconcept.com\/fr\/wp-json\/wp\/v2\/product_cat?post=1372"},{"taxonomy":"product_tag","embeddable":true,"href":"https:\/\/nobuconcept.com\/fr\/wp-json\/wp\/v2\/product_tag?post=1372"}],"curies":[{"name":"wp","href":"https:\/\/api.w.org\/{rel}","templated":true}]}}