{"id":1447,"date":"2026-03-01T07:29:25","date_gmt":"2026-03-01T07:29:25","guid":{"rendered":"https:\/\/nobuconcept.com\/?post_type=product&#038;p=1447"},"modified":"2026-03-01T07:39:10","modified_gmt":"2026-03-01T07:39:10","slug":"troy-32","status":"publish","type":"product","link":"https:\/\/nobuconcept.com\/fr\/produit\/troy-32\/","title":{"rendered":"TROY 32&#8243;"},"content":{"rendered":"<h4><strong>SP\u00c9CIFICATIONS TECHNIQUES<\/strong><\/h4>\n<table style=\"height: 910px;\" width=\"688\">\n<tbody>\n<tr>\n<td width=\"292\"><span data-path-to-node=\"0,1,0,0\">Mat\u00e9riau de la carcasse<\/span><\/td>\n<td width=\"300\"><span data-path-to-node=\"0,1,1,0\">MDF stratifi\u00e9<\/span><\/td>\n<\/tr>\n<tr>\n<td width=\"292\"><span data-path-to-node=\"0,2,0,0\">Mat\u00e9riaux des portes et des panneaux lat\u00e9raux<\/span><\/td>\n<td width=\"300\"><span data-path-to-node=\"0,2,1,0\">MDF stratifi\u00e9<\/span><\/td>\n<\/tr>\n<tr>\n<td width=\"292\"><span data-path-to-node=\"0,3,0,0\">Mat\u00e9riau du comptoir<\/span><\/td>\n<td width=\"300\"><span data-path-to-node=\"0,3,1,0\">&#8211;<\/span><\/td>\n<\/tr>\n<tr>\n<td width=\"292\"><span data-path-to-node=\"0,4,0,0\">Couleur du comptoir<\/span><\/td>\n<td width=\"300\"><span data-path-to-node=\"0,4,1,0\">&#8211;<\/span><\/td>\n<\/tr>\n<tr>\n<td width=\"292\"><span data-path-to-node=\"0,5,0,0\">Mat\u00e9riau du lavabo<\/span><\/td>\n<td width=\"300\"><span data-path-to-node=\"0,5,1,0\">Cuvette en c\u00e9ramique int\u00e9gr\u00e9e<\/span><\/td>\n<\/tr>\n<tr>\n<td width=\"292\"><span data-path-to-node=\"0,6,0,0\">Couleur du lavabo<\/span><\/td>\n<td width=\"300\"><span data-path-to-node=\"0,6,1,0\">Blanc<\/span><\/td>\n<\/tr>\n<tr>\n<td width=\"292\"><span data-path-to-node=\"0,7,0,0\">Washbasin Weight<\/span><\/td>\n<td width=\"300\"><span data-path-to-node=\"0,7,1,0\">39.68 lb.<\/span><\/td>\n<\/tr>\n<tr>\n<td width=\"292\"><span data-path-to-node=\"0,8,0,0\">Washbasin Size<\/span><\/td>\n<td width=\"300\"><span data-path-to-node=\"0,8,1,0\">31 \u00bd&#8221;W x 17 \u00be&#8221;D<\/span><\/td>\n<\/tr>\n<tr>\n<td width=\"292\"><span data-path-to-node=\"0,9,0,0\">Poids de l'armoire de base<\/span><\/td>\n<td width=\"300\"><span data-path-to-node=\"0,9,1,0\">35.27 lb.<\/span><\/td>\n<\/tr>\n<tr>\n<td width=\"292\"><span data-path-to-node=\"0,10,0,0\">Base Cabinet Size<\/span><\/td>\n<td width=\"300\"><span data-path-to-node=\"0,10,1,0\">30 \u2075\/\u2081\u2086&#8221;W x 16 \u00b9\u2075\/\u2081\u2086&#8221;D x 20 \u2075\u2075\/\u2086\u2084&#8221;H<\/span><\/td>\n<\/tr>\n<tr>\n<td width=\"292\"><span data-path-to-node=\"0,11,0,0\">Mirror \/ Mirror Cabinet Weight<\/span><\/td>\n<td width=\"300\"><span data-path-to-node=\"0,11,1,0\">46.30 lb.<\/span><\/td>\n<\/tr>\n<tr>\n<td width=\"292\"><span data-path-to-node=\"0,12,0,0\">Mirror \/ Mirror Cabinet Size<\/span><\/td>\n<td width=\"300\"><span data-path-to-node=\"0,12,1,0\">28 \u00be&#8221;W x 6 \u00b9\u00b9\/\u2081\u2086&#8221;D x 25 \u00b9\u2079\/\u2083\u2082&#8221;H<\/span><\/td>\n<\/tr>\n<tr>\n<td width=\"292\"><span data-path-to-node=\"0,13,0,0\">Tall Cabinet Weight<\/span><\/td>\n<td width=\"300\"><span data-path-to-node=\"0,13,1,0\">70.55 lb.<\/span><\/td>\n<\/tr>\n<tr>\n<td width=\"292\"><span data-path-to-node=\"0,14,0,0\">Tall Cabinet Size<\/span><\/td>\n<td width=\"300\"><span data-path-to-node=\"0,14,1,0\">13 \u00b2\u2075\/\u2083\u2082&#8221;W x 11 \u00b9\u00b3\/\u2081\u2086&#8221;D x 55 \u215b&#8221;H<\/span><\/td>\n<\/tr>\n<tr>\n<td width=\"292\"><span data-path-to-node=\"0,15,0,0\">Nombre de tiroirs fonctionnels<\/span><\/td>\n<td width=\"300\"><span data-path-to-node=\"0,15,1,0\">&#8211;<\/span><\/td>\n<\/tr>\n<tr>\n<td width=\"292\"><span data-path-to-node=\"0,16,0,0\">Syst\u00e8me de fermeture en douceur des tiroirs<\/span><\/td>\n<td width=\"300\"><span data-path-to-node=\"0,16,1,0\">&#8211;<\/span><\/td>\n<\/tr>\n<tr>\n<td width=\"292\"><span data-path-to-node=\"0,17,0,0\">Syst\u00e8me de fermeture en douceur de la porte<\/span><\/td>\n<td width=\"300\"><span data-path-to-node=\"0,17,1,0\">Oui<\/span><\/td>\n<\/tr>\n<tr>\n<td width=\"292\"><span data-path-to-node=\"0,18,0,0\">Marque de la charni\u00e8re et du tiroir<\/span><\/td>\n<td width=\"300\"><span data-path-to-node=\"0,18,1,0\"><img loading=\"lazy\" decoding=\"async\" class=\"\" src=\"https:\/\/nobuconcept.com\/wp-content\/uploads\/2025\/05\/hettich-logo-vector-1-300x167.png\" width=\"52\" height=\"29\" \/><\/span><\/td>\n<\/tr>\n<tr>\n<td width=\"292\"><span data-path-to-node=\"0,19,0,0\">Organisateur dans le tiroir<\/span><\/td>\n<td width=\"300\"><span data-path-to-node=\"0,19,1,0\">Non<\/span><\/td>\n<\/tr>\n<tr>\n<td width=\"292\"><span data-path-to-node=\"0,20,0,0\">Comptoir inclus<\/span><\/td>\n<td width=\"300\"><span data-path-to-node=\"0,20,1,0\">Non<\/span><\/td>\n<\/tr>\n<tr>\n<td width=\"292\"><span data-path-to-node=\"0,21,0,0\">Lavabo inclus<\/span><\/td>\n<td width=\"300\"><span data-path-to-node=\"0,21,1,0\">Oui<\/span><\/td>\n<\/tr>\n<tr>\n<td width=\"292\"><span data-path-to-node=\"0,22,0,0\">Nombre de lavabos<\/span><\/td>\n<td width=\"300\"><span data-path-to-node=\"0,22,1,0\">Unique<\/span><\/td>\n<\/tr>\n<tr>\n<td width=\"292\"><span data-path-to-node=\"0,23,0,0\">Dosseret inclus<\/span><\/td>\n<td width=\"300\"><span data-path-to-node=\"0,23,1,0\">Non<\/span><\/td>\n<\/tr>\n<tr>\n<td width=\"292\"><span data-path-to-node=\"0,24,0,0\">Eclairage \u00e0 Led<\/span><\/td>\n<td width=\"300\"><span data-path-to-node=\"0,24,1,0\">Non<\/span><\/td>\n<\/tr>\n<tr>\n<td width=\"292\"><span data-path-to-node=\"0,25,0,0\">Quincaillerie d'armoire incluse<\/span><\/td>\n<td width=\"300\"><span data-path-to-node=\"0,25,1,0\">Oui<\/span><\/td>\n<\/tr>\n<tr>\n<td width=\"292\"><span data-path-to-node=\"0,26,0,0\">Type d'installation de robinet compatible<\/span><\/td>\n<td width=\"300\"><span data-path-to-node=\"0,26,1,0\">Trou unique<\/span><\/td>\n<\/tr>\n<tr>\n<td width=\"292\"><span data-path-to-node=\"0,27,0,0\">Trou de trop-plein<\/span><\/td>\n<td width=\"300\"><span data-path-to-node=\"0,27,1,0\">Oui<\/span><\/td>\n<\/tr>\n<tr>\n<td width=\"292\"><span data-path-to-node=\"0,28,0,0\">Assembl\u00e9 ou non assembl\u00e9<\/span><\/td>\n<td width=\"300\"><span data-path-to-node=\"0,28,1,0\">Assembl\u00e9<\/span><\/td>\n<\/tr>\n<tr>\n<td width=\"292\"><span data-path-to-node=\"0,29,0,0\">Garantie<\/span><\/td>\n<td width=\"300\"><span data-path-to-node=\"0,29,1,0\">2 ans<\/span><\/td>\n<\/tr>\n<\/tbody>\n<\/table>","protected":false},"excerpt":{"rendered":"<p>TECHNICAL SPECIFICATION Carcass Material Laminated MDF Doors &amp; Side Panel Material Laminated MDF Countertop Material &#8211; Countertop Color &#8211; Washbasin<\/p>","protected":false},"featured_media":1399,"comment_status":"open","ping_status":"closed","template":"","meta":{"_acf_changed":false},"product_brand":[],"product_cat":[81,106],"product_tag":[],"class_list":{"0":"post-1447","1":"product","2":"type-product","3":"status-publish","4":"has-post-thumbnail","6":"product_cat-eucollection","7":"product_cat-troy","9":"first","10":"onbackorder","11":"taxable","12":"shipping-taxable","13":"product-type-variable","14":"has-default-attributes"},"acf":[],"_links":{"self":[{"href":"https:\/\/nobuconcept.com\/fr\/wp-json\/wp\/v2\/product\/1447","targetHints":{"allow":["GET"]}}],"collection":[{"href":"https:\/\/nobuconcept.com\/fr\/wp-json\/wp\/v2\/product"}],"about":[{"href":"https:\/\/nobuconcept.com\/fr\/wp-json\/wp\/v2\/types\/product"}],"replies":[{"embeddable":true,"href":"https:\/\/nobuconcept.com\/fr\/wp-json\/wp\/v2\/comments?post=1447"}],"wp:featuredmedia":[{"embeddable":true,"href":"https:\/\/nobuconcept.com\/fr\/wp-json\/wp\/v2\/media\/1399"}],"wp:attachment":[{"href":"https:\/\/nobuconcept.com\/fr\/wp-json\/wp\/v2\/media?parent=1447"}],"wp:term":[{"taxonomy":"product_brand","embeddable":true,"href":"https:\/\/nobuconcept.com\/fr\/wp-json\/wp\/v2\/product_brand?post=1447"},{"taxonomy":"product_cat","embeddable":true,"href":"https:\/\/nobuconcept.com\/fr\/wp-json\/wp\/v2\/product_cat?post=1447"},{"taxonomy":"product_tag","embeddable":true,"href":"https:\/\/nobuconcept.com\/fr\/wp-json\/wp\/v2\/product_tag?post=1447"}],"curies":[{"name":"wp","href":"https:\/\/api.w.org\/{rel}","templated":true}]}}