{"id":356,"date":"2025-05-22T07:35:24","date_gmt":"2025-05-22T07:35:24","guid":{"rendered":"https:\/\/nobuconcept.com\/?post_type=product&#038;p=356"},"modified":"2026-02-17T12:55:04","modified_gmt":"2026-02-17T12:55:04","slug":"leon-32-white","status":"publish","type":"product","link":"https:\/\/nobuconcept.com\/fr\/produit\/leon-32-white\/","title":{"rendered":"LEON 32\u2033 (EN ANGLAIS)"},"content":{"rendered":"<h4><strong>AUTRES TAILLES<\/strong><\/h4>\n<table style=\"height: 39px;\" width=\"468\">\n<tbody>\n<tr>\n<td style=\"text-align: center;\">\n<pre><a style=\"font-size: 20px; font-weight: bold;\" href=\"https:\/\/nobuconcept.com\/fr\/produit\/leon-32-white\/\">32<\/a><\/pre>\n<\/td>\n<td style=\"text-align: center;\">\n<pre><a style=\"font-size: 20px; font-weight: bold;\" href=\"https:\/\/nobuconcept.com\/fr\/produit\/leon-36\/\">36<\/a><\/pre>\n<\/td>\n<\/tr>\n<\/tbody>\n<\/table>\n<table style=\"height: 371px;\" width=\"537\">\n<tbody>\n<tr>\n<td width=\"24\"><img loading=\"lazy\" decoding=\"async\" class=\"alignnone size-medium wp-image-350\" src=\"https:\/\/nobuconcept.com\/wp-content\/uploads\/2025\/05\/1-300x300.png\" alt=\"\" width=\"300\" height=\"300\" srcset=\"https:\/\/nobuconcept.com\/wp-content\/uploads\/2025\/05\/1-300x300.png 300w, https:\/\/nobuconcept.com\/wp-content\/uploads\/2025\/05\/1-150x150.png 150w, https:\/\/nobuconcept.com\/wp-content\/uploads\/2025\/05\/1-12x12.png 12w, https:\/\/nobuconcept.com\/wp-content\/uploads\/2025\/05\/1-32x32.png 32w, https:\/\/nobuconcept.com\/wp-content\/uploads\/2025\/05\/1.png 533w\" sizes=\"auto, (max-width: 300px) 100vw, 300px\" \/><\/td>\n<td width=\"168\">Ce mod\u00e8le polyvalent offre la possibilit\u00e9 d'\u00eatre utilis\u00e9 comme pi\u00e8ce flottante ou autoportante, s'adaptant ainsi \u00e0 tous les espaces.<\/td>\n<\/tr>\n<tr>\n<td><img loading=\"lazy\" decoding=\"async\" class=\"alignnone size-medium wp-image-351\" src=\"https:\/\/nobuconcept.com\/wp-content\/uploads\/2025\/05\/2-300x300.png\" alt=\"\" width=\"300\" height=\"300\" srcset=\"https:\/\/nobuconcept.com\/wp-content\/uploads\/2025\/05\/2-300x300.png 300w, https:\/\/nobuconcept.com\/wp-content\/uploads\/2025\/05\/2-150x150.png 150w, https:\/\/nobuconcept.com\/wp-content\/uploads\/2025\/05\/2-12x12.png 12w, https:\/\/nobuconcept.com\/wp-content\/uploads\/2025\/05\/2-32x32.png 32w, https:\/\/nobuconcept.com\/wp-content\/uploads\/2025\/05\/2.png 533w\" sizes=\"auto, (max-width: 300px) 100vw, 300px\" \/><\/td>\n<td>Dans le mod\u00e8le Leon, un \u00e9vier en porcelaine fabriqu\u00e9 en Europe a \u00e9t\u00e9 choisi.<\/td>\n<\/tr>\n<tr>\n<td><img loading=\"lazy\" decoding=\"async\" class=\"alignnone size-medium wp-image-352\" src=\"https:\/\/nobuconcept.com\/wp-content\/uploads\/2025\/05\/3-300x300.png\" alt=\"\" width=\"300\" height=\"300\" srcset=\"https:\/\/nobuconcept.com\/wp-content\/uploads\/2025\/05\/3-300x300.png 300w, https:\/\/nobuconcept.com\/wp-content\/uploads\/2025\/05\/3-150x150.png 150w, https:\/\/nobuconcept.com\/wp-content\/uploads\/2025\/05\/3-12x12.png 12w, https:\/\/nobuconcept.com\/wp-content\/uploads\/2025\/05\/3-32x32.png 32w, https:\/\/nobuconcept.com\/wp-content\/uploads\/2025\/05\/3.png 533w\" sizes=\"auto, (max-width: 300px) 100vw, 300px\" \/><\/td>\n<td>Les produits de la marque Hettich, dot\u00e9s d'une technologie allemande sup\u00e9rieure, sont utilis\u00e9s pour les m\u00e9canismes de charni\u00e8res et de rails.<\/td>\n<\/tr>\n<tr>\n<td><img loading=\"lazy\" decoding=\"async\" class=\"alignnone size-medium wp-image-353\" src=\"https:\/\/nobuconcept.com\/wp-content\/uploads\/2025\/05\/4-300x300.png\" alt=\"\" width=\"300\" height=\"300\" srcset=\"https:\/\/nobuconcept.com\/wp-content\/uploads\/2025\/05\/4-300x300.png 300w, https:\/\/nobuconcept.com\/wp-content\/uploads\/2025\/05\/4-150x150.png 150w, https:\/\/nobuconcept.com\/wp-content\/uploads\/2025\/05\/4-12x12.png 12w, https:\/\/nobuconcept.com\/wp-content\/uploads\/2025\/05\/4-32x32.png 32w, https:\/\/nobuconcept.com\/wp-content\/uploads\/2025\/05\/4.png 533w\" sizes=\"auto, (max-width: 300px) 100vw, 300px\" \/><\/td>\n<td>L'\u00e9l\u00e9gance d'une surface impeccable est le fruit de la r\u00e9flexion de la qualit\u00e9 europ\u00e9enne dans la technologie du PET et du placage de chant.<\/td>\n<\/tr>\n<tr>\n<td><img loading=\"lazy\" decoding=\"async\" class=\"alignnone size-medium wp-image-354\" src=\"https:\/\/nobuconcept.com\/wp-content\/uploads\/2025\/05\/5-300x300.png\" alt=\"\" width=\"300\" height=\"300\" srcset=\"https:\/\/nobuconcept.com\/wp-content\/uploads\/2025\/05\/5-300x300.png 300w, https:\/\/nobuconcept.com\/wp-content\/uploads\/2025\/05\/5-150x150.png 150w, https:\/\/nobuconcept.com\/wp-content\/uploads\/2025\/05\/5-12x12.png 12w, https:\/\/nobuconcept.com\/wp-content\/uploads\/2025\/05\/5-32x32.png 32w, https:\/\/nobuconcept.com\/wp-content\/uploads\/2025\/05\/5.png 533w\" sizes=\"auto, (max-width: 300px) 100vw, 300px\" \/><\/td>\n<td>Gr\u00e2ce \u00e0 la technologie d'\u00e9clairage LED utilis\u00e9e dans les tiroirs, l'utilisation nocturne devient plus fonctionnelle.<\/td>\n<\/tr>\n<\/tbody>\n<\/table>\n<h4><strong>SP\u00c9CIFICATIONS TECHNIQUES<\/strong><\/h4>\n<table style=\"height: 808px;\" width=\"606\">\n<tbody>\n<tr>\n<td width=\"234\">Mat\u00e9riau de la carcasse<\/td>\n<td width=\"328\">MDF stratifi\u00e9<\/td>\n<\/tr>\n<tr>\n<td>Mat\u00e9riaux des portes et des panneaux lat\u00e9raux<\/td>\n<td>Matt PET<\/td>\n<\/tr>\n<tr>\n<td>Mat\u00e9riau du comptoir<\/td>\n<td>Cuvette en c\u00e9ramique int\u00e9gr\u00e9e<\/td>\n<\/tr>\n<tr>\n<td>Couleur du comptoir<\/td>\n<td>&#8211;<\/td>\n<\/tr>\n<tr>\n<td>Mat\u00e9riau du lavabo<\/td>\n<td>Cuvette en c\u00e9ramique int\u00e9gr\u00e9e<\/td>\n<\/tr>\n<tr>\n<td>Couleur du lavabo<\/td>\n<td>Blanc<\/td>\n<\/tr>\n<tr>\n<td>Lavabo Poids lb.-kg<\/td>\n<td>39,2 lb. \/ 17,8 kg<\/td>\n<\/tr>\n<tr>\n<td>Poids de l'armoire de base lb.-kg<\/td>\n<td>83,8 lb. \/ 38 kg<\/td>\n<\/tr>\n<tr>\n<td>Poids total du produit<\/td>\n<td>123 lb. \/ 55,8 kg<\/td>\n<\/tr>\n<tr>\n<td>Dimensions des lavabos Pouce-cm<\/td>\n<td>31.89 x 20.08 in \/ 81 x 51 cm<\/td>\n<\/tr>\n<tr>\n<td>Dimensions de l'armoire basse Pouce-cm<\/td>\n<td width=\"328\">31,14 x 19,61 x 20,87 in \/ 79,1 x 49,8 x 53 cm<\/td>\n<\/tr>\n<tr>\n<td>Nombre de tiroirs fonctionnels<\/td>\n<td>2<\/td>\n<\/tr>\n<tr>\n<td>Syst\u00e8me de fermeture en douceur des tiroirs<\/td>\n<td>Oui<\/td>\n<\/tr>\n<tr>\n<td>Syst\u00e8me de fermeture en douceur de la porte<\/td>\n<td>Oui<\/td>\n<\/tr>\n<tr>\n<td>Marque de la charni\u00e8re et du tiroir<\/td>\n<td><img loading=\"lazy\" decoding=\"async\" class=\"alignnone wp-image-337\" src=\"https:\/\/nobuconcept.com\/wp-content\/uploads\/2025\/05\/hettich-logo-vector-1-300x167.png\" alt=\"\" width=\"66\" height=\"37\" \/><\/td>\n<\/tr>\n<tr>\n<td>Organisateur dans le tiroir<\/td>\n<td>Oui<\/td>\n<\/tr>\n<tr>\n<td>Comptoir inclus<\/td>\n<td>Non<\/td>\n<\/tr>\n<tr>\n<td>Lavabo inclus<\/td>\n<td>Oui<\/td>\n<\/tr>\n<tr>\n<td>Nombre de lavabos<\/td>\n<td>Unique<\/td>\n<\/tr>\n<tr>\n<td>Dosseret inclus<\/td>\n<td>Non<\/td>\n<\/tr>\n<tr>\n<td>Eclairage \u00e0 Led<\/td>\n<td>Oui<\/td>\n<\/tr>\n<tr>\n<td>Quincaillerie d'armoire incluse<\/td>\n<td>Oui<\/td>\n<\/tr>\n<tr>\n<td>Type d'installation de robinet compatible<\/td>\n<td>Trou unique<\/td>\n<\/tr>\n<tr>\n<td>Trou de trop-plein<\/td>\n<td>Oui<\/td>\n<\/tr>\n<tr>\n<td>Assembl\u00e9 ou non assembl\u00e9<\/td>\n<td>Assembl\u00e9<\/td>\n<\/tr>\n<tr>\n<td>Garantie<\/td>\n<td>2 ans<\/td>\n<\/tr>\n<\/tbody>\n<\/table>","protected":false},"excerpt":{"rendered":"<p>Leon cache dans son \u00e9clat l'intemporalit\u00e9 de la modernit\u00e9<\/p>","protected":false},"featured_media":343,"comment_status":"open","ping_status":"closed","template":"","meta":{"_acf_changed":false},"product_brand":[],"product_cat":[79,80],"product_tag":[51,50,52],"class_list":{"0":"post-356","1":"product","2":"type-product","3":"status-publish","4":"has-post-thumbnail","6":"product_cat-usacollection","7":"product_cat-leon","8":"product_tag-51","9":"product_tag-leon","10":"product_tag-vanity","12":"first","13":"instock","14":"taxable","15":"shipping-taxable","16":"product-type-variable","17":"has-default-attributes"},"acf":[],"_links":{"self":[{"href":"https:\/\/nobuconcept.com\/fr\/wp-json\/wp\/v2\/product\/356","targetHints":{"allow":["GET"]}}],"collection":[{"href":"https:\/\/nobuconcept.com\/fr\/wp-json\/wp\/v2\/product"}],"about":[{"href":"https:\/\/nobuconcept.com\/fr\/wp-json\/wp\/v2\/types\/product"}],"replies":[{"embeddable":true,"href":"https:\/\/nobuconcept.com\/fr\/wp-json\/wp\/v2\/comments?post=356"}],"wp:featuredmedia":[{"embeddable":true,"href":"https:\/\/nobuconcept.com\/fr\/wp-json\/wp\/v2\/media\/343"}],"wp:attachment":[{"href":"https:\/\/nobuconcept.com\/fr\/wp-json\/wp\/v2\/media?parent=356"}],"wp:term":[{"taxonomy":"product_brand","embeddable":true,"href":"https:\/\/nobuconcept.com\/fr\/wp-json\/wp\/v2\/product_brand?post=356"},{"taxonomy":"product_cat","embeddable":true,"href":"https:\/\/nobuconcept.com\/fr\/wp-json\/wp\/v2\/product_cat?post=356"},{"taxonomy":"product_tag","embeddable":true,"href":"https:\/\/nobuconcept.com\/fr\/wp-json\/wp\/v2\/product_tag?post=356"}],"curies":[{"name":"wp","href":"https:\/\/api.w.org\/{rel}","templated":true}]}}