{"id":750,"date":"2025-06-08T21:02:57","date_gmt":"2025-06-08T21:02:57","guid":{"rendered":"https:\/\/nobuconcept.com\/?post_type=product&#038;p=750"},"modified":"2026-02-17T14:50:56","modified_gmt":"2026-02-17T14:50:56","slug":"balance-30","status":"publish","type":"product","link":"https:\/\/nobuconcept.com\/fr\/produit\/balance-30\/","title":{"rendered":"SOLDE AU 30\u2033."},"content":{"rendered":"<h4><strong>AUTRES TAILLES<\/strong><\/h4>\n<table style=\"height: 39px;\" width=\"468\">\n<tbody>\n<tr>\n<td style=\"text-align: center;\">\n<pre><a style=\"font-size: 20px; font-weight: bold;\" href=\"https:\/\/nobuconcept.com\/fr\/produit\/balance-24\/\">24<\/a><\/pre>\n<\/td>\n<td style=\"text-align: center;\">\n<pre><a style=\"font-size: 20px; font-weight: bold;\" href=\"https:\/\/nobuconcept.com\/fr\/produit\/balance-30\/\">30<\/a><\/pre>\n<\/td>\n<td style=\"text-align: center;\">\n<pre><a style=\"font-size: 20px; font-weight: bold;\" href=\"https:\/\/nobuconcept.com\/fr\/produit\/balance-36\/\">36<\/a><\/pre>\n<\/td>\n<td style=\"text-align: center;\">\n<pre><a style=\"font-size: 20px; font-weight: bold;\" href=\"https:\/\/nobuconcept.com\/fr\/produit\/balance-40\/\">40<\/a><\/pre>\n<\/td>\n<td style=\"text-align: center;\">\n<pre><a style=\"font-size: 20px; font-weight: bold;\" href=\"https:\/\/nobuconcept.com\/fr\/produit\/balance-48\/\">48<\/a><\/pre>\n<\/td>\n<td style=\"text-align: center;\">\n<pre><a style=\"font-size: 20px; font-weight: bold;\" href=\"https:\/\/nobuconcept.com\/fr\/produit\/balance-60\/\">60<\/a><\/pre>\n<\/td>\n<\/tr>\n<\/tbody>\n<\/table>\n<table width=\"572\">\n<tbody>\n<tr>\n<td width=\"38\"><img loading=\"lazy\" decoding=\"async\" class=\"alignnone size-medium wp-image-350\" src=\"https:\/\/nobuconcept.com\/wp-content\/uploads\/2025\/05\/1-300x300.png\" sizes=\"auto, (max-width: 300px) 100vw, 300px\" srcset=\"https:\/\/nobuconcept.com\/wp-content\/uploads\/2025\/05\/1-300x300.png 300w, https:\/\/nobuconcept.com\/wp-content\/uploads\/2025\/05\/1-150x150.png 150w, https:\/\/nobuconcept.com\/wp-content\/uploads\/2025\/05\/1-12x12.png 12w, https:\/\/nobuconcept.com\/wp-content\/uploads\/2025\/05\/1-32x32.png 32w, https:\/\/nobuconcept.com\/wp-content\/uploads\/2025\/05\/1.png 533w\" alt=\"\" width=\"300\" height=\"300\" \/><\/td>\n<td width=\"276\">Ce mod\u00e8le polyvalent peut \u00eatre utilis\u00e9 comme<br \/>\nune pi\u00e8ce flottante ou autoportante, s'adaptant parfaitement \u00e0 n'importe quel espace.<\/td>\n<\/tr>\n<tr>\n<td><img loading=\"lazy\" decoding=\"async\" class=\"alignnone size-medium wp-image-351\" src=\"https:\/\/nobuconcept.com\/wp-content\/uploads\/2025\/05\/2-300x300.png\" sizes=\"auto, (max-width: 300px) 100vw, 300px\" srcset=\"https:\/\/nobuconcept.com\/wp-content\/uploads\/2025\/05\/2-300x300.png 300w, https:\/\/nobuconcept.com\/wp-content\/uploads\/2025\/05\/2-150x150.png 150w, https:\/\/nobuconcept.com\/wp-content\/uploads\/2025\/05\/2-12x12.png 12w, https:\/\/nobuconcept.com\/wp-content\/uploads\/2025\/05\/2-32x32.png 32w, https:\/\/nobuconcept.com\/wp-content\/uploads\/2025\/05\/2.png 533w\" alt=\"\" width=\"300\" height=\"300\" \/><\/td>\n<td>Dans le mod\u00e8le Balance, un syst\u00e8me de fabrication europ\u00e9enne de renomm\u00e9e mondiale a \u00e9t\u00e9 mis en place.<br \/>\nL'\u00e9vier en porcelaine sous comptoir de la marque Ideal Standard a<br \/>\nont \u00e9t\u00e9 s\u00e9lectionn\u00e9s.<\/td>\n<\/tr>\n<tr>\n<td><img loading=\"lazy\" decoding=\"async\" class=\"alignnone size-medium wp-image-536\" src=\"https:\/\/nobuconcept.com\/wp-content\/uploads\/2025\/05\/7-300x300.png\" sizes=\"auto, (max-width: 300px) 100vw, 300px\" srcset=\"https:\/\/nobuconcept.com\/wp-content\/uploads\/2025\/05\/7-300x300.png 300w, https:\/\/nobuconcept.com\/wp-content\/uploads\/2025\/05\/7-150x150.png 150w, https:\/\/nobuconcept.com\/wp-content\/uploads\/2025\/05\/7-12x12.png 12w, https:\/\/nobuconcept.com\/wp-content\/uploads\/2025\/05\/7-32x32.png 32w, https:\/\/nobuconcept.com\/wp-content\/uploads\/2025\/05\/7.png 534w\" alt=\"\" width=\"300\" height=\"300\" \/><\/td>\n<td>\u00a0Un comptoir en pierre de quartz v\u00e9ritable de 2 cm d'\u00e9paisseur, fabriqu\u00e9 en Europe, est utilis\u00e9.<\/td>\n<\/tr>\n<tr>\n<td><img loading=\"lazy\" decoding=\"async\" class=\"alignnone size-medium wp-image-352\" src=\"https:\/\/nobuconcept.com\/wp-content\/uploads\/2025\/05\/3-300x300.png\" sizes=\"auto, (max-width: 300px) 100vw, 300px\" srcset=\"https:\/\/nobuconcept.com\/wp-content\/uploads\/2025\/05\/3-300x300.png 300w, https:\/\/nobuconcept.com\/wp-content\/uploads\/2025\/05\/3-150x150.png 150w, https:\/\/nobuconcept.com\/wp-content\/uploads\/2025\/05\/3-12x12.png 12w, https:\/\/nobuconcept.com\/wp-content\/uploads\/2025\/05\/3-32x32.png 32w, https:\/\/nobuconcept.com\/wp-content\/uploads\/2025\/05\/3.png 533w\" alt=\"\" width=\"300\" height=\"300\" \/><\/td>\n<td>Les produits de la marque Hettich, qui se distinguent par leur qualit\u00e9 sup\u00e9rieure, sont des produits de qualit\u00e9 sup\u00e9rieure.<br \/>\nLa technologie allemande est utilis\u00e9e pour les m\u00e9canismes de charni\u00e8res et de rails.<\/td>\n<\/tr>\n<tr>\n<td><img loading=\"lazy\" decoding=\"async\" class=\"alignnone size-medium wp-image-353\" src=\"https:\/\/nobuconcept.com\/wp-content\/uploads\/2025\/05\/4-300x300.png\" alt=\"\" width=\"300\" height=\"300\" srcset=\"https:\/\/nobuconcept.com\/wp-content\/uploads\/2025\/05\/4-300x300.png 300w, https:\/\/nobuconcept.com\/wp-content\/uploads\/2025\/05\/4-150x150.png 150w, https:\/\/nobuconcept.com\/wp-content\/uploads\/2025\/05\/4-12x12.png 12w, https:\/\/nobuconcept.com\/wp-content\/uploads\/2025\/05\/4-32x32.png 32w, https:\/\/nobuconcept.com\/wp-content\/uploads\/2025\/05\/4.png 533w\" sizes=\"auto, (max-width: 300px) 100vw, 300px\" \/><\/td>\n<td>L'\u00e9l\u00e9gance de la surface sans d\u00e9faut na\u00eet de la r\u00e9flexion<br \/>\nde haute qualit\u00e9 europ\u00e9enne dans le domaine de la technologie des panneaux MDF et du placage de chant.<\/td>\n<\/tr>\n<tr>\n<td><img loading=\"lazy\" decoding=\"async\" class=\"alignnone size-medium wp-image-537\" src=\"https:\/\/nobuconcept.com\/wp-content\/uploads\/2025\/05\/8-300x300.png\" sizes=\"auto, (max-width: 300px) 100vw, 300px\" srcset=\"https:\/\/nobuconcept.com\/wp-content\/uploads\/2025\/05\/8-300x300.png 300w, https:\/\/nobuconcept.com\/wp-content\/uploads\/2025\/05\/8-150x150.png 150w, https:\/\/nobuconcept.com\/wp-content\/uploads\/2025\/05\/8-12x12.png 12w, https:\/\/nobuconcept.com\/wp-content\/uploads\/2025\/05\/8-32x32.png 32w, https:\/\/nobuconcept.com\/wp-content\/uploads\/2025\/05\/8.png 534w\" alt=\"\" width=\"300\" height=\"300\" \/><\/td>\n<td>Des produits compl\u00e9t\u00e9s par des produits europ\u00e9ens de haute qualit\u00e9<br \/>\net des poign\u00e9es \u00e9l\u00e9gantes.<\/td>\n<\/tr>\n<\/tbody>\n<\/table>\n<h4><strong>SP\u00c9CIFICATIONS TECHNIQUES<\/strong><\/h4>\n<table width=\"671\">\n<tbody>\n<tr>\n<td width=\"269\">Mat\u00e9riau de la carcasse<\/td>\n<td width=\"328\">MDF stratifi\u00e9<\/td>\n<\/tr>\n<tr>\n<td>Mat\u00e9riaux des portes et des panneaux lat\u00e9raux<\/td>\n<td>MDF stratifi\u00e9<\/td>\n<\/tr>\n<tr>\n<td>Mat\u00e9riau du comptoir<\/td>\n<td>Quartz 20mm<\/td>\n<\/tr>\n<tr>\n<td>Couleur du comptoir<\/td>\n<td>Coante - Keramos 3301<\/td>\n<\/tr>\n<tr>\n<td>Mat\u00e9riau du lavabo<\/td>\n<td>C\u00e9ramique<\/td>\n<\/tr>\n<tr>\n<td>Couleur du lavabo<\/td>\n<td>Blanc<\/td>\n<\/tr>\n<tr>\n<td>Poids du plan de travail et du lavabo lb.-kg<\/td>\n<td>67.9 lb. \/ 30,8 kg<\/td>\n<\/tr>\n<tr>\n<td>Poids de l'armoire de base lb.-kg<\/td>\n<td>88.2 lb. \/ 40 kg<\/td>\n<\/tr>\n<tr>\n<td>Poids du support lb.-kg<\/td>\n<td>15 lb \/ 6,8 kg<\/td>\n<\/tr>\n<tr>\n<td>Poids total du produit<\/td>\n<td>171.1 lb. \/ 77,6 kg<\/td>\n<\/tr>\n<tr>\n<td>Dimensions des lavabos Pouce-cm<\/td>\n<td>14.57 x 21.26 in \/ 37 x 54 cm<\/td>\n<\/tr>\n<tr>\n<td>Dimensions de l'armoire basse Pouce-cm<\/td>\n<td>29,92 x 21,65 x 20,87 in \/ 76 x 55 x 53 cm<\/td>\n<\/tr>\n<tr>\n<td>Dimensions du support Pouces-cm<\/td>\n<td>29,9 x 20,9 x 11,8 in \/ 76 x 53 x 30 cmcm<\/td>\n<\/tr>\n<tr>\n<td>Nombre de tiroirs fonctionnels<\/td>\n<td>2<\/td>\n<\/tr>\n<tr>\n<td>Syst\u00e8me de fermeture en douceur des tiroirs<\/td>\n<td>&#8211;<\/td>\n<\/tr>\n<tr>\n<td>Syst\u00e8me de fermeture en douceur de la porte<\/td>\n<td>Oui<\/td>\n<\/tr>\n<tr>\n<td>Marque de la charni\u00e8re et du tiroir<\/td>\n<td><img loading=\"lazy\" decoding=\"async\" class=\"alignnone wp-image-337\" src=\"https:\/\/nobuconcept.com\/wp-content\/uploads\/2025\/05\/hettich-logo-vector-1-300x167.png\" alt=\"\" width=\"66\" height=\"37\" \/><\/td>\n<\/tr>\n<tr>\n<td>Organisateur dans le tiroir<\/td>\n<td>Non<\/td>\n<\/tr>\n<tr>\n<td>Comptoir inclus<\/td>\n<td>Oui<\/td>\n<\/tr>\n<tr>\n<td>Lavabo inclus<\/td>\n<td>Oui<\/td>\n<\/tr>\n<tr>\n<td>Nombre de lavabos<\/td>\n<td>Unique<\/td>\n<\/tr>\n<tr>\n<td>Dosseret inclus<\/td>\n<td>Oui<\/td>\n<\/tr>\n<tr>\n<td>Eclairage \u00e0 Led<\/td>\n<td>Non<\/td>\n<\/tr>\n<tr>\n<td>Quincaillerie d'armoire incluse<\/td>\n<td>Oui<\/td>\n<\/tr>\n<tr>\n<td>Type d'installation de robinet compatible<\/td>\n<td>Trou unique<\/td>\n<\/tr>\n<tr>\n<td>Trou de trop-plein<\/td>\n<td>Oui<\/td>\n<\/tr>\n<tr>\n<td>Assembl\u00e9 ou non assembl\u00e9<\/td>\n<td>Assembl\u00e9<\/td>\n<\/tr>\n<tr>\n<td>Garantie<\/td>\n<td>2 ans<\/td>\n<\/tr>\n<\/tbody>\n<\/table>","protected":false},"excerpt":{"rendered":"<p>Avec son design minimaliste, Balance offre un espace de travail fonctionnel.<br \/>\net sans effort pour votre vie quotidienne.<\/p>","protected":false},"featured_media":704,"comment_status":"open","ping_status":"closed","template":"","meta":{"_acf_changed":false},"product_brand":[],"product_cat":[79,87],"product_tag":[63],"class_list":{"0":"post-750","1":"product","2":"type-product","3":"status-publish","4":"has-post-thumbnail","6":"product_cat-usacollection","7":"product_cat-balance","8":"product_tag-balance","10":"first","11":"instock","12":"taxable","13":"shipping-taxable","14":"product-type-variable","15":"has-default-attributes"},"acf":[],"_links":{"self":[{"href":"https:\/\/nobuconcept.com\/fr\/wp-json\/wp\/v2\/product\/750","targetHints":{"allow":["GET"]}}],"collection":[{"href":"https:\/\/nobuconcept.com\/fr\/wp-json\/wp\/v2\/product"}],"about":[{"href":"https:\/\/nobuconcept.com\/fr\/wp-json\/wp\/v2\/types\/product"}],"replies":[{"embeddable":true,"href":"https:\/\/nobuconcept.com\/fr\/wp-json\/wp\/v2\/comments?post=750"}],"wp:featuredmedia":[{"embeddable":true,"href":"https:\/\/nobuconcept.com\/fr\/wp-json\/wp\/v2\/media\/704"}],"wp:attachment":[{"href":"https:\/\/nobuconcept.com\/fr\/wp-json\/wp\/v2\/media?parent=750"}],"wp:term":[{"taxonomy":"product_brand","embeddable":true,"href":"https:\/\/nobuconcept.com\/fr\/wp-json\/wp\/v2\/product_brand?post=750"},{"taxonomy":"product_cat","embeddable":true,"href":"https:\/\/nobuconcept.com\/fr\/wp-json\/wp\/v2\/product_cat?post=750"},{"taxonomy":"product_tag","embeddable":true,"href":"https:\/\/nobuconcept.com\/fr\/wp-json\/wp\/v2\/product_tag?post=750"}],"curies":[{"name":"wp","href":"https:\/\/api.w.org\/{rel}","templated":true}]}}