{"id":834,"date":"2025-06-11T16:43:43","date_gmt":"2025-06-11T16:43:43","guid":{"rendered":"https:\/\/nobuconcept.com\/?page_id=834"},"modified":"2025-06-11T16:43:43","modified_gmt":"2025-06-11T16:43:43","slug":"shipping-policy","status":"publish","type":"page","link":"https:\/\/nobuconcept.com\/it\/shipping-policy\/","title":{"rendered":"Politica di spedizione"},"content":{"rendered":"<p>Politica di spedizione<br \/>\nCollaboriamo con vettori di fiducia per garantire una consegna sicura e puntuale di tutti gli ordini.<\/p>\n<p>Metodi di spedizione e partner<br \/>\n- Le spedizioni nazionali negli Stati Uniti vengono effettuate tramite FedEx, UPS, DHL o vettori simili.<br \/>\n- La spedizione internazionale pu\u00f2 essere organizzata in base al volume dell'ordine e alla regione.<\/p>\n<p>Tempo di elaborazione<br \/>\n- Gli ordini in stock vengono spediti entro 1-7 giorni lavorativi.<br \/>\n- Gli articoli personalizzati o realizzati su ordinazione hanno tempi di consegna variabili in base alla quantit\u00e0 e al programma di produzione.<\/p>\n<p>Spese di spedizione<br \/>\n- Le spese di spedizione sono calcolate al momento del pagamento o sono indicate su richiesta per gli ordini di grandi quantit\u00e0.<br \/>\n- Eventuali dazi doganali o tasse di importazione sono a carico dell'acquirente.<\/p>\n<p>Consegna e ispezione<br \/>\n- I clienti devono ispezionare le spedizioni al momento della consegna.<br \/>\n- Eventuali danni o mancanze devono essere segnalati entro 5 giorni lavorativi.<\/p>\n<p>Ritardi e cause di forza maggiore<br \/>\n- Non siamo responsabili di ritardi causati da vettori, disastri naturali o circostanze impreviste al di fuori del nostro controllo.<\/p>\n<p>Siamo a vostra disposizione per assistervi durante tutto il processo di spedizione. Se avete domande o bisogno di aiuto per la spedizione (prima o dopo aver effettuato un ordine), contattateci:<br \/>\n- Servizio clienti via e-mail: info@nobuconcept.com - in genere rispondiamo entro 1 giorno lavorativo.<br \/>\n- Assistenza telefonica: +1 (949) 491-2304 - disponibile durante il nostro normale orario di lavoro (dal luned\u00ec al venerd\u00ec, dalle 9:00 alle 18:00 ora orientale).<br \/>\n- Stato dell'ordine: Per gli aggiornamenti su un ordine spedito, avere a portata di mano il numero d'ordine quando ci contattate ci aiuter\u00e0 a servirvi pi\u00f9 velocemente.<br \/>\n- Danni\/reclami: Come gi\u00e0 detto, la comunicazione tempestiva \u00e8 fondamentale. Prima ci segnalate un problema, pi\u00f9 velocemente potremo risolverlo. Potremmo richiedere foto o informazioni aggiuntive: fornirle accelerer\u00e0 la risoluzione del reclamo.<br \/>\nSiamo orgogliosi dell'eccellente servizio clienti e faremo tutto il possibile per assicurarci che i vostri prodotti vi arrivino come previsto. La spedizione pu\u00f2 occasionalmente presentare delle difficolt\u00e0, ma state certi che Nobu Concept Inc. lavorer\u00e0 diligentemente per risolvere qualsiasi problema e vi terr\u00e0 informati in ogni fase del processo.<\/p>","protected":false},"excerpt":{"rendered":"<p>Shipping Policy We partner with trusted carriers to ensure safe and timely delivery of all orders. Shipping Methods and Partners<\/p>","protected":false},"author":1,"featured_media":0,"parent":0,"menu_order":0,"comment_status":"closed","ping_status":"closed","template":"","meta":{"_acf_changed":false,"footnotes":""},"class_list":["post-834","page","type-page","status-publish","hentry"],"acf":[],"_links":{"self":[{"href":"https:\/\/nobuconcept.com\/it\/wp-json\/wp\/v2\/pages\/834","targetHints":{"allow":["GET"]}}],"collection":[{"href":"https:\/\/nobuconcept.com\/it\/wp-json\/wp\/v2\/pages"}],"about":[{"href":"https:\/\/nobuconcept.com\/it\/wp-json\/wp\/v2\/types\/page"}],"author":[{"embeddable":true,"href":"https:\/\/nobuconcept.com\/it\/wp-json\/wp\/v2\/users\/1"}],"replies":[{"embeddable":true,"href":"https:\/\/nobuconcept.com\/it\/wp-json\/wp\/v2\/comments?post=834"}],"version-history":[{"count":1,"href":"https:\/\/nobuconcept.com\/it\/wp-json\/wp\/v2\/pages\/834\/revisions"}],"predecessor-version":[{"id":835,"href":"https:\/\/nobuconcept.com\/it\/wp-json\/wp\/v2\/pages\/834\/revisions\/835"}],"wp:attachment":[{"href":"https:\/\/nobuconcept.com\/it\/wp-json\/wp\/v2\/media?parent=834"}],"curies":[{"name":"wp","href":"https:\/\/api.w.org\/{rel}","templated":true}]}}